{"id":91,"date":"2023-02-09T12:46:21","date_gmt":"2023-02-09T12:46:21","guid":{"rendered":"https:\/\/straye.undrumdesign.no\/?page_id=91"},"modified":"2025-07-01T06:31:38","modified_gmt":"2025-07-01T06:31:38","slug":"om-oss","status":"publish","type":"page","link":"https:\/\/straye.no\/sv\/stalbygg\/om-oss\/","title":{"rendered":"Om oss"},"content":{"rendered":"<p>Vi arbetar m\u00e5lmedvetet f\u00f6r att utvecklas i samklang med v\u00e5r omv\u00e4rld - vad g\u00e4ller teknik, milj\u00f6, kostnadseffektivitet och samh\u00e4llets krav. Vi \u00e4r stolta \u00f6ver att kunna erbjuda bra, funktionella och flexibla l\u00f6sningar f\u00f6r v\u00e5ra kunder.<\/p>\n<p>Vi \u00e4r m\u00e5na om service, kvalitet och s\u00e4kerhet i allt vi f\u00f6retr\u00e4der och vi \u00e4r stolta \u00f6ver varje enskilt byggprojekt. N\u00f6jda kunder genererar nya uppdrag och vi har ett rykte om oss att vara l\u00f6sningsorienterade, p\u00e5litliga och flexibla.<\/p>","protected":false},"excerpt":{"rendered":"<p>Vi arbetar m\u00e5lmedvetet f\u00f6r att utvecklas i samklang med v\u00e5r omv\u00e4rld - vad g\u00e4ller teknik, milj\u00f6, kostnadseffektivitet och samh\u00e4llets krav. Vi \u00e4r stolta \u00f6ver att kunna erbjuda bra, funktionella och flexibla l\u00f6sningar f\u00f6r v\u00e5ra kunder. Vi \u00e4r engagerade i service, kvalitet och s\u00e4kerhet i allt vi f\u00f6retr\u00e4der och vi \u00e4r stolta \u00f6ver varje enskilt byggprojekt. Det ... <\/p>\n<div><a href=\"https:\/\/straye.no\/sv\/stalbygg\/om-oss\/\" class=\"more-link\">L\u00e4s mer om<\/a><\/div>","protected":false},"author":2,"featured_media":1251,"parent":52,"menu_order":4,"comment_status":"closed","ping_status":"closed","template":"template-blank-4.php","meta":{"_acf_changed":false,"inline_featured_image":false,"footnotes":""},"tags":[8],"firmaer":[10],"class_list":["post-91","page","type-page","status-publish","has-post-thumbnail","hentry","tag-om-oss","firmaer-stalbygg"],"acf":[],"yoast_head":"<!-- This site is optimized with the Yoast SEO plugin v27.4 - https:\/\/yoast.com\/product\/yoast-seo-wordpress\/ -->\n<title>Om oss - Straye<\/title>\n<meta name=\"robots\" content=\"index, follow, max-snippet:-1, max-image-preview:large, max-video-preview:-1\" \/>\n<link rel=\"canonical\" href=\"https:\/\/straye.no\/sv\/stalbygg\/om-oss\/\" \/>\n<meta property=\"og:locale\" content=\"sv_SE\" \/>\n<meta property=\"og:type\" content=\"article\" \/>\n<meta property=\"og:title\" content=\"Om oss - Straye\" \/>\n<meta property=\"og:description\" content=\"Vi arbeider m\u00e5lrettet for \u00e5 utvikle oss i takt med omgivelsene \u2013 b\u00e5de n\u00e5r det gjelder teknologi, milj\u00f8, kostnadseffektivitet og offentlige krav. Vi legger \u00e6ren v\u00e5r i \u00e5 komme opp med gode, fungerende og fleksible l\u00f8sninger for v\u00e5re kunder. Vi er opptatt av service, kvalitet og sikkerhet i alt vi representerer, og legger prestisje ned i hvert eneste byggeprosjekt. Det ... Read More\" \/>\n<meta property=\"og:url\" content=\"https:\/\/straye.no\/sv\/stalbygg\/om-oss\/\" \/>\n<meta property=\"og:site_name\" content=\"Straye\" \/>\n<meta property=\"article:modified_time\" content=\"2025-07-01T06:31:38+00:00\" \/>\n<meta property=\"og:image\" content=\"https:\/\/straye.no\/wp-content\/uploads\/2023\/09\/Straye_Test_omoss.jpg\" \/>\n\t<meta property=\"og:image:width\" content=\"2451\" \/>\n\t<meta property=\"og:image:height\" content=\"806\" \/>\n\t<meta property=\"og:image:type\" content=\"image\/jpeg\" \/>\n<meta name=\"twitter:card\" content=\"summary_large_image\" \/>\n<meta name=\"twitter:label1\" content=\"Ber\u00e4knad l\u00e4stid\" \/>\n\t<meta name=\"twitter:data1\" content=\"1 minut\" \/>\n<script type=\"application\/ld+json\" class=\"yoast-schema-graph\">{\"@context\":\"https:\\\/\\\/schema.org\",\"@graph\":[{\"@type\":\"WebPage\",\"@id\":\"https:\\\/\\\/straye.no\\\/stalbygg\\\/om-oss\\\/\",\"url\":\"https:\\\/\\\/straye.no\\\/stalbygg\\\/om-oss\\\/\",\"name\":\"Om oss - Straye\",\"isPartOf\":{\"@id\":\"https:\\\/\\\/straye.no\\\/#website\"},\"primaryImageOfPage\":{\"@id\":\"https:\\\/\\\/straye.no\\\/stalbygg\\\/om-oss\\\/#primaryimage\"},\"image\":{\"@id\":\"https:\\\/\\\/straye.no\\\/stalbygg\\\/om-oss\\\/#primaryimage\"},\"thumbnailUrl\":\"https:\\\/\\\/straye.no\\\/wp-content\\\/uploads\\\/2023\\\/09\\\/Straye_Test_omoss.jpg\",\"datePublished\":\"2023-02-09T12:46:21+00:00\",\"dateModified\":\"2025-07-01T06:31:38+00:00\",\"breadcrumb\":{\"@id\":\"https:\\\/\\\/straye.no\\\/stalbygg\\\/om-oss\\\/#breadcrumb\"},\"inLanguage\":\"sv-SE\",\"potentialAction\":[{\"@type\":\"ReadAction\",\"target\":[\"https:\\\/\\\/straye.no\\\/stalbygg\\\/om-oss\\\/\"]}]},{\"@type\":\"ImageObject\",\"inLanguage\":\"sv-SE\",\"@id\":\"https:\\\/\\\/straye.no\\\/stalbygg\\\/om-oss\\\/#primaryimage\",\"url\":\"https:\\\/\\\/straye.no\\\/wp-content\\\/uploads\\\/2023\\\/09\\\/Straye_Test_omoss.jpg\",\"contentUrl\":\"https:\\\/\\\/straye.no\\\/wp-content\\\/uploads\\\/2023\\\/09\\\/Straye_Test_omoss.jpg\",\"width\":2451,\"height\":806},{\"@type\":\"BreadcrumbList\",\"@id\":\"https:\\\/\\\/straye.no\\\/stalbygg\\\/om-oss\\\/#breadcrumb\",\"itemListElement\":[{\"@type\":\"ListItem\",\"position\":1,\"name\":\"Hjem\",\"item\":\"https:\\\/\\\/straye.no\\\/\"},{\"@type\":\"ListItem\",\"position\":2,\"name\":\"St\u00e5lbygg\",\"item\":\"https:\\\/\\\/straye.no\\\/stalbygg\\\/\"},{\"@type\":\"ListItem\",\"position\":3,\"name\":\"Om oss\"}]},{\"@type\":\"WebSite\",\"@id\":\"https:\\\/\\\/straye.no\\\/#website\",\"url\":\"https:\\\/\\\/straye.no\\\/\",\"name\":\"Straye Gruppen AS\",\"description\":\"Straye\",\"potentialAction\":[{\"@type\":\"SearchAction\",\"target\":{\"@type\":\"EntryPoint\",\"urlTemplate\":\"https:\\\/\\\/straye.no\\\/?s={search_term_string}\"},\"query-input\":{\"@type\":\"PropertyValueSpecification\",\"valueRequired\":true,\"valueName\":\"search_term_string\"}}],\"inLanguage\":\"sv-SE\"}]}<\/script>\n<!-- \/ Yoast SEO plugin. -->","yoast_head_json":{"title":"Om oss - Straye","robots":{"index":"index","follow":"follow","max-snippet":"max-snippet:-1","max-image-preview":"max-image-preview:large","max-video-preview":"max-video-preview:-1"},"canonical":"https:\/\/straye.no\/sv\/stalbygg\/om-oss\/","og_locale":"sv_SE","og_type":"article","og_title":"Om oss - Straye","og_description":"Vi arbeider m\u00e5lrettet for \u00e5 utvikle oss i takt med omgivelsene \u2013 b\u00e5de n\u00e5r det gjelder teknologi, milj\u00f8, kostnadseffektivitet og offentlige krav. Vi legger \u00e6ren v\u00e5r i \u00e5 komme opp med gode, fungerende og fleksible l\u00f8sninger for v\u00e5re kunder. Vi er opptatt av service, kvalitet og sikkerhet i alt vi representerer, og legger prestisje ned i hvert eneste byggeprosjekt. Det ... Read More","og_url":"https:\/\/straye.no\/sv\/stalbygg\/om-oss\/","og_site_name":"Straye","article_modified_time":"2025-07-01T06:31:38+00:00","og_image":[{"width":2451,"height":806,"url":"https:\/\/straye.no\/wp-content\/uploads\/2023\/09\/Straye_Test_omoss.jpg","type":"image\/jpeg"}],"twitter_card":"summary_large_image","twitter_misc":{"Ber\u00e4knad l\u00e4stid":"1 minut"},"schema":{"@context":"https:\/\/schema.org","@graph":[{"@type":"WebPage","@id":"https:\/\/straye.no\/stalbygg\/om-oss\/","url":"https:\/\/straye.no\/stalbygg\/om-oss\/","name":"Om oss - Straye","isPartOf":{"@id":"https:\/\/straye.no\/#website"},"primaryImageOfPage":{"@id":"https:\/\/straye.no\/stalbygg\/om-oss\/#primaryimage"},"image":{"@id":"https:\/\/straye.no\/stalbygg\/om-oss\/#primaryimage"},"thumbnailUrl":"https:\/\/straye.no\/wp-content\/uploads\/2023\/09\/Straye_Test_omoss.jpg","datePublished":"2023-02-09T12:46:21+00:00","dateModified":"2025-07-01T06:31:38+00:00","breadcrumb":{"@id":"https:\/\/straye.no\/stalbygg\/om-oss\/#breadcrumb"},"inLanguage":"sv-SE","potentialAction":[{"@type":"ReadAction","target":["https:\/\/straye.no\/stalbygg\/om-oss\/"]}]},{"@type":"ImageObject","inLanguage":"sv-SE","@id":"https:\/\/straye.no\/stalbygg\/om-oss\/#primaryimage","url":"https:\/\/straye.no\/wp-content\/uploads\/2023\/09\/Straye_Test_omoss.jpg","contentUrl":"https:\/\/straye.no\/wp-content\/uploads\/2023\/09\/Straye_Test_omoss.jpg","width":2451,"height":806},{"@type":"BreadcrumbList","@id":"https:\/\/straye.no\/stalbygg\/om-oss\/#breadcrumb","itemListElement":[{"@type":"ListItem","position":1,"name":"Hjem","item":"https:\/\/straye.no\/"},{"@type":"ListItem","position":2,"name":"St\u00e5lbygg","item":"https:\/\/straye.no\/stalbygg\/"},{"@type":"ListItem","position":3,"name":"Om oss"}]},{"@type":"WebSite","@id":"https:\/\/straye.no\/#website","url":"https:\/\/straye.no\/","name":"Straye Group AS","description":"Straye","potentialAction":[{"@type":"SearchAction","target":{"@type":"EntryPoint","urlTemplate":"https:\/\/straye.no\/?s={search_term_string}"},"query-input":{"@type":"PropertyValueSpecification","valueRequired":true,"valueName":"search_term_string"}}],"inLanguage":"sv-SE"}]}},"_links":{"self":[{"href":"https:\/\/straye.no\/sv\/wp-json\/wp\/v2\/pages\/91","targetHints":{"allow":["GET"]}}],"collection":[{"href":"https:\/\/straye.no\/sv\/wp-json\/wp\/v2\/pages"}],"about":[{"href":"https:\/\/straye.no\/sv\/wp-json\/wp\/v2\/types\/page"}],"author":[{"embeddable":true,"href":"https:\/\/straye.no\/sv\/wp-json\/wp\/v2\/users\/2"}],"replies":[{"embeddable":true,"href":"https:\/\/straye.no\/sv\/wp-json\/wp\/v2\/comments?post=91"}],"version-history":[{"count":16,"href":"https:\/\/straye.no\/sv\/wp-json\/wp\/v2\/pages\/91\/revisions"}],"predecessor-version":[{"id":2445,"href":"https:\/\/straye.no\/sv\/wp-json\/wp\/v2\/pages\/91\/revisions\/2445"}],"up":[{"embeddable":true,"href":"https:\/\/straye.no\/sv\/wp-json\/wp\/v2\/pages\/52"}],"wp:featuredmedia":[{"embeddable":true,"href":"https:\/\/straye.no\/sv\/wp-json\/wp\/v2\/media\/1251"}],"wp:attachment":[{"href":"https:\/\/straye.no\/sv\/wp-json\/wp\/v2\/media?parent=91"}],"wp:term":[{"taxonomy":"post_tag","embeddable":true,"href":"https:\/\/straye.no\/sv\/wp-json\/wp\/v2\/tags?post=91"},{"taxonomy":"firmaer","embeddable":true,"href":"https:\/\/straye.no\/sv\/wp-json\/wp\/v2\/firmaer?post=91"}],"curies":[{"name":"wp","href":"https:\/\/api.w.org\/{rel}","templated":true}]}}