{"id":7,"date":"2023-01-23T10:47:55","date_gmt":"2023-01-23T10:47:55","guid":{"rendered":"https:\/\/straye.undrumdesign.no\/?page_id=7"},"modified":"2026-02-17T08:18:47","modified_gmt":"2026-02-17T08:18:47","slug":"gruppen-forside","status":"publish","type":"page","link":"https:\/\/straye.no\/sv\/","title":{"rendered":"Straye Group AS"},"content":{"rendered":"<div id=\"cs-content\" class=\"cs-content\"><div class=\"x-section e7-e1 m7-0 m7-1 m7-2\"><div class=\"x-row e7-e2 m7-5 m7-6 m7-7 m7-a m7-b\"><div class=\"x-row-inner\"><div class=\"x-col e7-e3 m7-f m7-g\"><div class=\"x-div e7-e4 m7-m m7-n\"><div class=\"x-div e7-e5 m7-m\"><div class=\"x-slide-container-viewport is-loading e7-e6 m7-o\" data-x-slide-container=\"{&quot;keyboardNavigation&quot;:true,&quot;autoplayStartInView&quot;:true,&quot;startingSlide&quot;:1,&quot;enter&quot;:&quot;fade&quot;,&quot;exit&quot;:&quot;fade&quot;,&quot;swipe&quot;:&quot;&quot;,&quot;autoplay&quot;:&quot;interval&quot;,&quot;stacked&quot;:true}\"><div class=\"x-slide-container-content\"><div class=\"x-slide-container is-stacked\"><div class=\"x-slide e7-e7 m7-p m7-q m7-r m7-s\" data-x-slide=\"\"><div class=\"x-bg\" aria-hidden=\"true\"><div class=\"x-bg-layer-lower-image\"><\/div><\/div><\/div><div class=\"x-slide e7-e8 m7-p m7-s m7-t\" data-x-slide=\"\"><div class=\"x-bg\" aria-hidden=\"true\"><div class=\"x-bg-layer-lower-image\"><\/div><\/div><\/div><div class=\"x-slide e7-e9 m7-p m7-s m7-u\" data-x-slide=\"\"><div class=\"x-bg\" aria-hidden=\"true\"><div class=\"x-bg-layer-lower-image\"><\/div><\/div><\/div><div class=\"x-slide e7-e10 m7-p m7-q m7-v\" data-x-slide=\"\"><div class=\"x-bg\" aria-hidden=\"true\"><div class=\"x-bg-layer-lower-image\"><\/div><\/div><\/div><div class=\"x-slide e7-e11 m7-p m7-w\" data-x-slide=\"\"><div class=\"x-bg\" aria-hidden=\"true\"><div class=\"x-bg-layer-lower-image\"><\/div><\/div><\/div><\/div><\/div><\/div><\/div><ul class=\"x-slide-pagination is-row e7-e12 m7-x\" data-x-slide-pagination=\"\"><\/ul><\/div><\/div><\/div><\/div><\/div><div class=\"x-section e7-e13 m7-0 m7-2 m7-3\"><div class=\"x-row e7-e14 m7-5 m7-7 m7-8 m7-a m7-c\"><div class=\"x-row-inner\"><div class=\"x-col e7-e15 m7-f m7-g m7-h m7-i\"><div class=\"x-text x-text-headline e7-e16 m7-y\"><div class=\"x-text-content\"><div class=\"x-text-content-text\"><h1 class=\"x-text-content-text-primary\"><strong>Straye<\/strong> best\u00e5r f\u00f6r n\u00e4rvarande av Straye St\u00e5lbygg, Straye Hybridbygg, Straye Tak och Straye Industri.<\/h1>\n<\/div><\/div><\/div><hr class=\"x-line e7-e17 m7-z\" style=\"--tco-dc7-0:rgb(0,58,111);\"\/><div class=\"x-text x-content e7-e18 m7-10\"><p><strong>Straye AS<\/strong> grundades \u00e5r 2007. Sedan dess har f\u00f6retaget vuxit till 150 anst\u00e4llda och en oms\u00e4ttning p\u00e5 ca. <strong>850 miljoner kronor \u00e5r 2022<\/strong>. Bolagets vision \u00e4r att expandera och bibeh\u00e5lla en god tillv\u00e4xt i f\u00f6rs\u00e4ljning och marknadsandelar inom tak, fasader, t\u00e4ta byggnader och massivtr\u00e4entreprenader f\u00f6r kommersiella, industriella och kontorsbyggnader.<\/p>\n<p>Vi arbetar m\u00e5lmedvetet f\u00f6r att utvecklas i samklang med v\u00e5r omv\u00e4rld - vad g\u00e4ller teknik, milj\u00f6, kostnadseffektivitet och samh\u00e4llets krav. Vi \u00e4r stolta \u00f6ver att komma med <strong>bra, fungerande och flexibla l\u00f6sningar<\/strong> f\u00f6r v\u00e5ra kunder.<\/p>\n<p><strong>Straye levererar kvalitet p\u00e5 avtalad tid och till avtalat pris.<\/strong> Vi \u00e4r alltid flexibla och l\u00f6sningsorienterade n\u00e4r vi bygger i samarbete med v\u00e5ra kunder. Med medlemskap i <strong>Startbank<\/strong>, <strong>Godk\u00e4nd f\u00f6r ansvarslicens<\/strong> och med <strong>AAA<\/strong> <strong>betyg<\/strong> kan du vara s\u00e4ker p\u00e5 att vi \u00e4r en seri\u00f6s och solid akt\u00f6r p\u00e5 marknaden.<\/p><\/div><\/div><\/div><\/div><div class=\"x-row e7-e19 m7-5 m7-6 m7-9 m7-d\"><div class=\"x-row-inner\"><div class=\"x-col e7-e20 m7-f m7-h m7-j m7-k\"><a class=\"x-image e7-e21 m7-11\" href=\"\/sv\/stalbygg\/\"><img decoding=\"async\" src=\"https:\/\/straye.no\/wp-content\/uploads\/2023\/02\/Straye_Stalbygg.svg\" width=\"0\" height=\"0\" alt=\"Image\" loading=\"lazy\"><\/a><\/div><div class=\"x-col e7-e22 m7-f m7-h m7-j m7-l\"><a class=\"x-image e7-e23 m7-11\" href=\"\/sv\/hybridbygg\/\"><img decoding=\"async\" src=\"https:\/\/straye.no\/wp-content\/uploads\/2024\/03\/Straye_Trebygg-org.svg\" width=\"0\" height=\"0\" alt=\"Image\" loading=\"lazy\"><\/a><\/div><div class=\"x-col e7-e24 m7-f m7-h m7-j m7-k\"><a class=\"x-image e7-e25 m7-11\" href=\"\/sv\/industri\/\"><img decoding=\"async\" src=\"https:\/\/straye.no\/wp-content\/uploads\/2023\/09\/Straye_Trebygg_v4.svg\" width=\"0\" height=\"0\" alt=\"Image\" loading=\"lazy\"><\/a><\/div><div class=\"x-col e7-e26 m7-f m7-h m7-j m7-l\"><a class=\"x-image e7-e27 m7-11\" href=\"\/sv\/tak\/\"><img decoding=\"async\" src=\"https:\/\/straye.no\/wp-content\/uploads\/2023\/02\/StrayeTak_web.svg\" width=\"0\" height=\"0\" alt=\"Image\" loading=\"lazy\"><\/a><\/div><\/div><\/div><\/div><div class=\"x-section e7-e28 m7-0 m7-1 m7-4\"><div class=\"x-bg\" aria-hidden=\"true\"><div class=\"x-bg-layer-lower-image\"><\/div><\/div><div class=\"x-row x-container max width e7-e29 m7-5 m7-6 m7-7 m7-a m7-e\"><div class=\"x-row-inner\"><div class=\"x-col e7-e30 m7-f m7-g\"><hr class=\"x-line e7-e31 m7-12\"\/><\/div><\/div><\/div><\/div><\/div>","protected":false},"excerpt":{"rendered":"<p>Straye best\u00e5r f\u00f6r n\u00e4rvarande av Straye St\u00e5lbygg, Straye Hybridbygg, Straye Tak och Straye Industri. Straye AS grundades 2007. Sedan dess har f\u00f6retaget vuxit till 150 anst\u00e4llda och en oms\u00e4ttning p\u00e5 cirka 850 miljoner NOK \u00e5r 2022. F\u00f6retagets vision \u00e4r att expandera och forts\u00e4tta ha en sund tillv\u00e4xt i f\u00f6rs\u00e4ljning och marknadsandel inom tak, fasader, t\u00e4ta byggnader och massivt tr\u00e4... <\/p>\n<div><a href=\"https:\/\/straye.no\/sv\/\" class=\"more-link\">L\u00e4s mer om<\/a><\/div>","protected":false},"author":1,"featured_media":120,"parent":0,"menu_order":1,"comment_status":"closed","ping_status":"closed","template":"template-blank-4.php","meta":{"_acf_changed":false,"inline_featured_image":false,"footnotes":""},"tags":[],"firmaer":[14],"class_list":["post-7","page","type-page","status-publish","has-post-thumbnail","hentry","firmaer-straye"],"acf":[],"yoast_head":"<!-- This site is optimized with the Yoast SEO plugin v27.4 - https:\/\/yoast.com\/product\/yoast-seo-wordpress\/ -->\n<title>Straye Gruppen AS - Straye<\/title>\n<meta name=\"description\" content=\"Straye Gruppen best\u00e5r i dag av Straye St\u00e5lbygg, Straye Trebygg, Straye Tak og Straye El &amp; Solar. Velkommen til oss.\" \/>\n<meta name=\"robots\" content=\"index, follow, max-snippet:-1, max-image-preview:large, max-video-preview:-1\" \/>\n<link rel=\"canonical\" href=\"https:\/\/straye.no\/sv\/\" \/>\n<meta property=\"og:locale\" content=\"sv_SE\" \/>\n<meta property=\"og:type\" content=\"article\" \/>\n<meta property=\"og:title\" content=\"Straye Gruppen AS - Straye\" \/>\n<meta property=\"og:description\" content=\"Straye Gruppen best\u00e5r i dag av Straye St\u00e5lbygg, Straye Trebygg, Straye Tak og Straye El &amp; Solar. Velkommen til oss.\" \/>\n<meta property=\"og:url\" content=\"https:\/\/straye.no\/sv\/\" \/>\n<meta property=\"og:site_name\" content=\"Straye\" \/>\n<meta property=\"article:modified_time\" content=\"2026-02-17T08:18:47+00:00\" \/>\n<meta property=\"og:image\" content=\"https:\/\/straye.no\/wp-content\/uploads\/2023\/02\/Straye-bygg-og-anlegg.jpg\" \/>\n\t<meta property=\"og:image:width\" content=\"1600\" \/>\n\t<meta property=\"og:image:height\" content=\"862\" \/>\n\t<meta property=\"og:image:type\" content=\"image\/jpeg\" \/>\n<meta name=\"twitter:card\" content=\"summary_large_image\" \/>\n<meta name=\"twitter:label1\" content=\"Ber\u00e4knad l\u00e4stid\" \/>\n\t<meta name=\"twitter:data1\" content=\"2 minuter\" \/>\n<script type=\"application\/ld+json\" class=\"yoast-schema-graph\">{\"@context\":\"https:\\\/\\\/schema.org\",\"@graph\":[{\"@type\":\"WebPage\",\"@id\":\"https:\\\/\\\/straye.no\\\/\",\"url\":\"https:\\\/\\\/straye.no\\\/\",\"name\":\"Straye Gruppen AS - Straye\",\"isPartOf\":{\"@id\":\"https:\\\/\\\/straye.no\\\/#website\"},\"primaryImageOfPage\":{\"@id\":\"https:\\\/\\\/straye.no\\\/#primaryimage\"},\"image\":{\"@id\":\"https:\\\/\\\/straye.no\\\/#primaryimage\"},\"thumbnailUrl\":\"https:\\\/\\\/straye.no\\\/wp-content\\\/uploads\\\/2023\\\/02\\\/Straye-bygg-og-anlegg.jpg\",\"datePublished\":\"2023-01-23T10:47:55+00:00\",\"dateModified\":\"2026-02-17T08:18:47+00:00\",\"description\":\"Straye Gruppen best\u00e5r i dag av Straye St\u00e5lbygg, Straye Trebygg, Straye Tak og Straye El & Solar. Velkommen til oss.\",\"breadcrumb\":{\"@id\":\"https:\\\/\\\/straye.no\\\/#breadcrumb\"},\"inLanguage\":\"sv-SE\",\"potentialAction\":[{\"@type\":\"ReadAction\",\"target\":[\"https:\\\/\\\/straye.no\\\/\"]}]},{\"@type\":\"ImageObject\",\"inLanguage\":\"sv-SE\",\"@id\":\"https:\\\/\\\/straye.no\\\/#primaryimage\",\"url\":\"https:\\\/\\\/straye.no\\\/wp-content\\\/uploads\\\/2023\\\/02\\\/Straye-bygg-og-anlegg.jpg\",\"contentUrl\":\"https:\\\/\\\/straye.no\\\/wp-content\\\/uploads\\\/2023\\\/02\\\/Straye-bygg-og-anlegg.jpg\",\"width\":1600,\"height\":862},{\"@type\":\"BreadcrumbList\",\"@id\":\"https:\\\/\\\/straye.no\\\/#breadcrumb\",\"itemListElement\":[{\"@type\":\"ListItem\",\"position\":1,\"name\":\"Hjem\",\"item\":\"https:\\\/\\\/straye.no\\\/\"},{\"@type\":\"ListItem\",\"position\":2,\"name\":\"Straye Gruppen AS\"}]},{\"@type\":\"WebSite\",\"@id\":\"https:\\\/\\\/straye.no\\\/#website\",\"url\":\"https:\\\/\\\/straye.no\\\/\",\"name\":\"Straye Gruppen AS\",\"description\":\"Straye\",\"potentialAction\":[{\"@type\":\"SearchAction\",\"target\":{\"@type\":\"EntryPoint\",\"urlTemplate\":\"https:\\\/\\\/straye.no\\\/?s={search_term_string}\"},\"query-input\":{\"@type\":\"PropertyValueSpecification\",\"valueRequired\":true,\"valueName\":\"search_term_string\"}}],\"inLanguage\":\"sv-SE\"}]}<\/script>\n<!-- \/ Yoast SEO plugin. -->","yoast_head_json":{"title":"Straye Gruppen AS - Straye","description":"Straye-koncernen best\u00e5r idag av Straye St\u00e5lbygg, Straye Trebygg, Straye Tak och Straye El &amp; Solar. V\u00e4lkommen till v\u00e5rt f\u00f6retag.","robots":{"index":"index","follow":"follow","max-snippet":"max-snippet:-1","max-image-preview":"max-image-preview:large","max-video-preview":"max-video-preview:-1"},"canonical":"https:\/\/straye.no\/sv\/","og_locale":"sv_SE","og_type":"article","og_title":"Straye Gruppen AS - Straye","og_description":"Straye Gruppen best\u00e5r i dag av Straye St\u00e5lbygg, Straye Trebygg, Straye Tak og Straye El & Solar. Velkommen til oss.","og_url":"https:\/\/straye.no\/sv\/","og_site_name":"Straye","article_modified_time":"2026-02-17T08:18:47+00:00","og_image":[{"width":1600,"height":862,"url":"https:\/\/straye.no\/wp-content\/uploads\/2023\/02\/Straye-bygg-og-anlegg.jpg","type":"image\/jpeg"}],"twitter_card":"summary_large_image","twitter_misc":{"Ber\u00e4knad l\u00e4stid":"2 minuter"},"schema":{"@context":"https:\/\/schema.org","@graph":[{"@type":"WebPage","@id":"https:\/\/straye.no\/","url":"https:\/\/straye.no\/","name":"Straye Gruppen AS - Straye","isPartOf":{"@id":"https:\/\/straye.no\/#website"},"primaryImageOfPage":{"@id":"https:\/\/straye.no\/#primaryimage"},"image":{"@id":"https:\/\/straye.no\/#primaryimage"},"thumbnailUrl":"https:\/\/straye.no\/wp-content\/uploads\/2023\/02\/Straye-bygg-og-anlegg.jpg","datePublished":"2023-01-23T10:47:55+00:00","dateModified":"2026-02-17T08:18:47+00:00","description":"Straye-koncernen best\u00e5r idag av Straye St\u00e5lbygg, Straye Trebygg, Straye Tak och Straye El &amp; Solar. V\u00e4lkommen till v\u00e5rt f\u00f6retag.","breadcrumb":{"@id":"https:\/\/straye.no\/#breadcrumb"},"inLanguage":"sv-SE","potentialAction":[{"@type":"ReadAction","target":["https:\/\/straye.no\/"]}]},{"@type":"ImageObject","inLanguage":"sv-SE","@id":"https:\/\/straye.no\/#primaryimage","url":"https:\/\/straye.no\/wp-content\/uploads\/2023\/02\/Straye-bygg-og-anlegg.jpg","contentUrl":"https:\/\/straye.no\/wp-content\/uploads\/2023\/02\/Straye-bygg-og-anlegg.jpg","width":1600,"height":862},{"@type":"BreadcrumbList","@id":"https:\/\/straye.no\/#breadcrumb","itemListElement":[{"@type":"ListItem","position":1,"name":"Hjem","item":"https:\/\/straye.no\/"},{"@type":"ListItem","position":2,"name":"Straye Gruppen AS"}]},{"@type":"WebSite","@id":"https:\/\/straye.no\/#website","url":"https:\/\/straye.no\/","name":"Straye Group AS","description":"Straye","potentialAction":[{"@type":"SearchAction","target":{"@type":"EntryPoint","urlTemplate":"https:\/\/straye.no\/?s={search_term_string}"},"query-input":{"@type":"PropertyValueSpecification","valueRequired":true,"valueName":"search_term_string"}}],"inLanguage":"sv-SE"}]}},"_links":{"self":[{"href":"https:\/\/straye.no\/sv\/wp-json\/wp\/v2\/pages\/7","targetHints":{"allow":["GET"]}}],"collection":[{"href":"https:\/\/straye.no\/sv\/wp-json\/wp\/v2\/pages"}],"about":[{"href":"https:\/\/straye.no\/sv\/wp-json\/wp\/v2\/types\/page"}],"author":[{"embeddable":true,"href":"https:\/\/straye.no\/sv\/wp-json\/wp\/v2\/users\/1"}],"replies":[{"embeddable":true,"href":"https:\/\/straye.no\/sv\/wp-json\/wp\/v2\/comments?post=7"}],"version-history":[{"count":35,"href":"https:\/\/straye.no\/sv\/wp-json\/wp\/v2\/pages\/7\/revisions"}],"predecessor-version":[{"id":2794,"href":"https:\/\/straye.no\/sv\/wp-json\/wp\/v2\/pages\/7\/revisions\/2794"}],"wp:featuredmedia":[{"embeddable":true,"href":"https:\/\/straye.no\/sv\/wp-json\/wp\/v2\/media\/120"}],"wp:attachment":[{"href":"https:\/\/straye.no\/sv\/wp-json\/wp\/v2\/media?parent=7"}],"wp:term":[{"taxonomy":"post_tag","embeddable":true,"href":"https:\/\/straye.no\/sv\/wp-json\/wp\/v2\/tags?post=7"},{"taxonomy":"firmaer","embeddable":true,"href":"https:\/\/straye.no\/sv\/wp-json\/wp\/v2\/firmaer?post=7"}],"curies":[{"name":"wp","href":"https:\/\/api.w.org\/{rel}","templated":true}]}}