{"id":52,"date":"2023-01-26T07:56:45","date_gmt":"2023-01-26T07:56:45","guid":{"rendered":"https:\/\/straye.undrumdesign.no\/?page_id=52"},"modified":"2026-03-30T08:51:47","modified_gmt":"2026-03-30T08:51:47","slug":"stalbygg","status":"publish","type":"page","link":"https:\/\/straye.no\/sv\/stalbygg\/","title":{"rendered":"Byggnader av st\u00e5l"},"content":{"rendered":"<div id=\"cs-content\" class=\"cs-content\"><div class=\"x-section e52-e1 m1g-0 m1g-1 m1g-2 m1g-3 m1g-4 m1g-5\"><div class=\"x-row e52-e2 m1g-c m1g-d m1g-e m1g-f m1g-g m1g-h m1g-i m1g-j m1g-y m1g-z\"><div class=\"x-row-inner\"><div class=\"x-col e52-e3 m1g-1a m1g-1b m1g-1c m1g-1d\"><div class=\"x-div e52-e4 m1g-1z m1g-20 m1g-21 m1g-22\"><div class=\"x-div e52-e5 m1g-1z m1g-21 m1g-22\"><div class=\"x-slide-container-viewport is-loading e52-e6 m1g-2a\" data-x-slide-container=\"{&quot;keyboardNavigation&quot;:true,&quot;startingSlide&quot;:1,&quot;enter&quot;:&quot;fade&quot;,&quot;exit&quot;:&quot;fade&quot;,&quot;swipe&quot;:&quot;&quot;,&quot;stacked&quot;:true}\"><div class=\"x-slide-container-content\"><div class=\"x-slide-container is-stacked\"><\/div><\/div><\/div><\/div><ul class=\"x-slide-pagination is-row e52-e21 m1g-3d\" data-x-slide-pagination=\"\"><\/ul><\/div><\/div><\/div><\/div><\/div><div class=\"x-section e52-e22 m1g-1 m1g-3 m1g-5 m1g-6 m1g-7\"><div class=\"x-row x-container max width e52-e23 m1g-c m1g-e m1g-f m1g-h m1g-i m1g-j m1g-n m1g-o m1g-p m1g-y m1g-13\"><div class=\"x-row-inner\"><div class=\"x-col e52-e24 m1g-1a m1g-1b m1g-1c m1g-1n m1g-1o m1g-1p m1g-1q\"><div class=\"x-text x-content e52-e25 m1g-2h m1g-2i m1g-2l m1g-2m m1g-2r m1g-2s m1g-2t m1g-2u m1g-2v\">Vi \u00e4r Norges ledande st\u00e5lbyggnadsentrepren\u00f6r<\/div><div class=\"x-text x-content e52-e26 m1g-2h m1g-2i m1g-2j m1g-2m m1g-2r m1g-2u m1g-2v m1g-2w m1g-2x text-subheadline\">Sedan 2007 har Straye St\u00e5lbygg uppf\u00f6rt h\u00f6gkvalitativa st\u00e5lbyggnader, inklusive tak, fasader och klimatskal f\u00f6r kommersiella byggnader, industri- och kontorsbyggnader.<\/div><\/div><div class=\"x-col e52-e27 m1g-1a m1g-1b m1g-1c m1g-1d m1g-1f m1g-1g m1g-1r\" style=\"--tco-dc1g-6:url(https:\/\/straye.no\/wp-content\/uploads\/2023\/02\/Straye-bygg-og-anlegg.jpg);\"><div class=\"x-bg\" aria-hidden=\"true\"><div class=\"x-bg-layer-lower-image\"><\/div><\/div><hr class=\"x-line e52-e28 m1g-2d m1g-2e\"\/><\/div><div class=\"x-col e52-e29 m1g-1a m1g-1b m1g-1c m1g-1d\"><div class=\"x-row e52-e30 m1g-e m1g-f m1g-g m1g-h m1g-i m1g-p m1g-q m1g-r m1g-s m1g-14 benefits-row\"><div class=\"x-row-inner\"><div class=\"x-col e52-e31 m1g-1a m1g-1b m1g-1c m1g-1h m1g-1k m1g-1l m1g-1q m1g-1s\" style=\"--tco-dc1g-8:#24356d;\"><span class=\"x-image e52-e32 m1g-3e m1g-3f m1g-3g ikon_hoydepunkt\"><img decoding=\"async\" src=\"https:\/\/straye.no\/wp-content\/uploads\/2023\/08\/Flyt.svg\" width=\"0\" height=\"0\" alt=\"Image\" loading=\"lazy\"><\/span><div class=\"x-div e52-e33 m1g-1z m1g-21 m1g-22 m1g-25 m1g-26 m1g-27\"><div style=\"--tco-dc1g-a:#f7f7f7;\" class=\"x-text x-content e52-e34 m1g-2h m1g-2i m1g-2m m1g-2s m1g-2u m1g-2y m1g-2z m1g-30 m1g-31 m1g-32\">Bra fl\u00f6de<\/div><div style=\"--tco-dc1g-c:#f7f7f7;\" class=\"x-text x-content e52-e35 m1g-2h m1g-2i m1g-2j m1g-2m m1g-2u m1g-2x m1g-2y m1g-2z m1g-32 m1g-33 m1g-34\"><p>Fr\u00e5n f\u00f6rsta linjen p\u00e5 ritbordet, till 3D-modellering, genomf\u00f6rande och f\u00e4rdigst\u00e4llande i tid. Det \u00e4r vad vi kallar \"Good Flow\" och det \u00e4r en naturlig del av det dagliga arbetet p\u00e5 Straye St\u00e5lbygg.<\/p>\n<\/div><\/div><\/div><div class=\"x-col e52-e31 m1g-1a m1g-1b m1g-1c m1g-1h m1g-1k m1g-1l m1g-1q m1g-1s\" style=\"--tco-dc1g-8:#E9EAE5;\"><span class=\"x-image e52-e32 m1g-3e m1g-3f m1g-3g ikon_hoydepunkt\"><img decoding=\"async\" src=\"https:\/\/straye.no\/wp-content\/uploads\/2023\/08\/Kvalitet.svg\" width=\"0\" height=\"0\" alt=\"Image\" loading=\"lazy\"><\/span><div class=\"x-div e52-e33 m1g-1z m1g-21 m1g-22 m1g-25 m1g-26 m1g-27\"><div style=\"--tco-dc1g-a:#24356d;\" class=\"x-text x-content e52-e34 m1g-2h m1g-2i m1g-2m m1g-2s m1g-2u m1g-2y m1g-2z m1g-30 m1g-31 m1g-32\">Kvalitet<\/div><div style=\"--tco-dc1g-c:#24356d;\" class=\"x-text x-content e52-e35 m1g-2h m1g-2i m1g-2j m1g-2m m1g-2u m1g-2x m1g-2y m1g-2z m1g-32 m1g-33 m1g-34\"><div>Bakom den h\u00f6ga kvalitetsniv\u00e5n i v\u00e5ra projekt ligger noggranna ber\u00e4kningar, god planering, kompetenta medarbetare och endast material av h\u00f6gsta kvalitet i alla led.<\/div>\n<\/div><\/div><\/div><div class=\"x-col e52-e31 m1g-1a m1g-1b m1g-1c m1g-1h m1g-1k m1g-1l m1g-1q m1g-1s\" style=\"--tco-dc1g-8:#547463;\"><span class=\"x-image e52-e32 m1g-3e m1g-3f m1g-3g ikon_hoydepunkt\"><img decoding=\"async\" src=\"https:\/\/straye.no\/wp-content\/uploads\/2023\/08\/Baerekraft.svg\" width=\"0\" height=\"0\" alt=\"Image\" loading=\"lazy\"><\/span><div class=\"x-div e52-e33 m1g-1z m1g-21 m1g-22 m1g-25 m1g-26 m1g-27\"><div style=\"--tco-dc1g-a:#f7f7f7;\" class=\"x-text x-content e52-e34 m1g-2h m1g-2i m1g-2m m1g-2s m1g-2u m1g-2y m1g-2z m1g-30 m1g-31 m1g-32\">H\u00e5llbarhet<\/div><div style=\"--tco-dc1g-c:#f7f7f7;\" class=\"x-text x-content e52-e35 m1g-2h m1g-2i m1g-2j m1g-2m m1g-2u m1g-2x m1g-2y m1g-2z m1g-32 m1g-33 m1g-34\"><p>Straye arbetar aktivt f\u00f6r att minska v\u00e5r milj\u00f6p\u00e5verkan n\u00e4r vi bygger nya kommersiella byggnader. Social h\u00e5llbarhet \u00e4r ocks\u00e5 en lika viktig prioritering i v\u00e5rt f\u00f6retag f\u00f6r att vi ska ha n\u00f6jda medarbetare.<\/p>\n<\/div><\/div><\/div><\/div><\/div><\/div><\/div><\/div><\/div><div class=\"x-section e52-e36 m1g-0 m1g-1 m1g-5 m1g-7 m1g-8 m1g-9\"><div class=\"x-row e52-e37 m1g-c m1g-d m1g-e m1g-g m1g-h m1g-l m1g-t m1g-10 m1g-15\"><div class=\"x-row-inner\"><div class=\"x-col e52-e38 m1g-1a m1g-1b m1g-1c m1g-1d m1g-1f m1g-1g m1g-1t\" style=\"--tco-dc1g-e:url(https:\/\/straye.no\/wp-content\/uploads\/2026\/03\/Megaflis-120226-1536x864-1.webp);\"><div class=\"x-bg\" aria-hidden=\"true\"><div class=\"x-bg-layer-lower-image\"><\/div><\/div><hr class=\"x-line x-hide-lg x-hide-md x-hide-xl e52-e39 m1g-2d m1g-2f\"\/><\/div><div class=\"x-col e52-e40 m1g-1a m1g-1b m1g-1c m1g-1j m1g-1u\"><div class=\"x-text x-content e52-e41 m1g-2h m1g-2i m1g-2s m1g-2z m1g-31 m1g-32 m1g-35 m1g-36\">Senaste nytt<\/div><div class=\"x-text x-content e52-e42 m1g-2h m1g-2i m1g-2m m1g-2s m1g-2v m1g-2y m1g-2z m1g-31 m1g-32 m1g-36 m1g-37\">Megaflis-varuhus i Trondheim<\/div><div class=\"x-text x-content e52-e43 m1g-2h m1g-2i m1g-2j m1g-2m m1g-2q m1g-2u m1g-2x m1g-32 m1g-33 m1g-38\">Vi \u00e4r stolta \u00f6ver att ha tecknat kontrakt som underentrepren\u00f6r f\u00f6r Megaflis nya varuhus p\u00e5 Sandmoen i Trondheim. Byggherre: RELOG Totalentrepren\u00f6r: Veidekke Yta: 6137 m\u00b2 Planerad f\u00e4rdigst\u00e4llande: V\u00e5ren 2027 Straye St\u00e5lbygg levererar t\u00e4tt hus inklusive tak, fasad och klimatskal, i samarbete med totalentrepren\u00f6r Veidekke. Projektet p\u00e5 6 137 m\u00b2 blir ett viktigt tillskott till ett v\u00e4xande handelsomr\u00e5de, med planerad f\u00e4rdigst\u00e4llande v\u00e5ren 2027. Visste du att Straye har egen dedikerad personal som \u00e4r bel\u00e4gen i mellersta Norge? Kontakta Atle Berg som \u00e4r projektledare p\u00e5 Straye Tak (avd. Mellersta Norge) Mobil: 41410030 E-post: atle@straye.no.<\/div><div class=\"x-div e52-e44 m1g-1z m1g-21 m1g-22 m1g-25 m1g-28\"><a class=\"x-anchor x-anchor-button e52-e45 m1g-3b m1g-3c\" tabindex=\"0\" href=\"https:\/\/straye.no\/sv\/aktuelt\/megaflis-varehus-i-trondheim\/\"><div class=\"x-anchor-content\"><div class=\"x-anchor-text\"><span class=\"x-anchor-text-primary\">L\u00e4s mer p\u00e5 engelska<\/span><\/div><\/div><\/a><\/div><\/div><\/div><\/div><\/div><div class=\"x-section e52-e46 m1g-0 m1g-1 m1g-3 m1g-5 m1g-7 m1g-a\"><div class=\"x-row e52-e47 m1g-c m1g-d m1g-e m1g-f m1g-g m1g-h m1g-i m1g-j m1g-u m1g-y m1g-16\"><div class=\"x-row-inner\"><div class=\"x-col e52-e48 m1g-1a m1g-1b m1g-1c m1g-1h m1g-1k m1g-1o m1g-1p m1g-1v m1g-1w\"><div class=\"x-text x-content e52-e49 m1g-2h m1g-2i m1g-2m m1g-2r m1g-2s m1g-2u m1g-2v m1g-31 m1g-39\">Vi \u00e4r <strong>byggentrepren\u00f6r<\/strong> f\u00f6r dessa och m\u00e5nga andra f\u00f6retag i Norge.<\/div><\/div><\/div><\/div><div class=\"x-row x-container max width e52-e50 m1g-c m1g-d m1g-e m1g-f m1g-g m1g-h m1g-i m1g-v m1g-17\"><div class=\"x-row-inner\"><div class=\"x-col e52-e51 m1g-1a m1g-1b m1g-1c m1g-1d m1g-1h m1g-1v m1g-1x\"><span class=\"x-image e52-e52 m1g-3e m1g-3h\"><img decoding=\"async\" src=\"https:\/\/straye.no\/wp-content\/uploads\/2023\/08\/Abyggi.webp\" width=\"223\" height=\"59\" alt=\"Image\" loading=\"lazy\"><\/span><\/div><div class=\"x-col e52-e51 m1g-1a m1g-1b m1g-1c m1g-1d m1g-1h m1g-1v m1g-1x\"><span class=\"x-image e52-e52 m1g-3e m1g-3h\"><img decoding=\"async\" src=\"https:\/\/straye.no\/wp-content\/uploads\/2023\/08\/Veidekke.webp\" width=\"223\" height=\"59\" alt=\"Image\" loading=\"lazy\"><\/span><\/div><div class=\"x-col e52-e51 m1g-1a m1g-1b m1g-1c m1g-1d m1g-1h m1g-1v m1g-1x\"><span class=\"x-image e52-e52 m1g-3e m1g-3h\"><img decoding=\"async\" src=\"https:\/\/straye.no\/wp-content\/uploads\/2023\/08\/PEAB.svg\" width=\"450\" height=\"64\" alt=\"Image\" loading=\"lazy\"><\/span><\/div><div class=\"x-col e52-e51 m1g-1a m1g-1b m1g-1c m1g-1d m1g-1h m1g-1v m1g-1x\"><span class=\"x-image e52-e52 m1g-3e m1g-3h\"><img decoding=\"async\" src=\"https:\/\/straye.no\/wp-content\/uploads\/2023\/08\/brick-logo-large.svg\" width=\"0\" height=\"0\" alt=\"Image\" loading=\"lazy\"><\/span><\/div><div class=\"x-col e52-e51 m1g-1a m1g-1b m1g-1c m1g-1d m1g-1h m1g-1v m1g-1x\"><span class=\"x-image e52-e52 m1g-3e m1g-3h\"><img decoding=\"async\" src=\"https:\/\/straye.no\/wp-content\/uploads\/2023\/08\/skanska_logotype_posblue.svg\" width=\"0\" height=\"0\" alt=\"Image\" loading=\"lazy\"><\/span><\/div><div class=\"x-col e52-e51 m1g-1a m1g-1b m1g-1c m1g-1d m1g-1h m1g-1v m1g-1x\"><span class=\"x-image e52-e52 m1g-3e m1g-3h\"><img decoding=\"async\" src=\"https:\/\/straye.no\/wp-content\/uploads\/2023\/06\/af-gruppenc.png\" width=\"223\" height=\"59\" alt=\"Image\" loading=\"lazy\"><\/span><\/div><div class=\"x-col e52-e51 m1g-1a m1g-1b m1g-1c m1g-1d m1g-1h m1g-1v m1g-1x\"><span class=\"x-image e52-e52 m1g-3e m1g-3h\"><img decoding=\"async\" src=\"https:\/\/straye.no\/wp-content\/uploads\/2023\/08\/Logistic_Contractor_Entreprenad_AB.jpg\" width=\"250\" height=\"150\" alt=\"Image\" loading=\"lazy\"><\/span><\/div><div class=\"x-col e52-e51 m1g-1a m1g-1b m1g-1c m1g-1d m1g-1h m1g-1v m1g-1x\"><span class=\"x-image e52-e52 m1g-3e m1g-3h\"><img decoding=\"async\" src=\"https:\/\/straye.no\/wp-content\/uploads\/2023\/08\/BackeGruppen.svg\" width=\"0\" height=\"0\" alt=\"Image\" loading=\"lazy\"><\/span><\/div><div class=\"x-col e52-e51 m1g-1a m1g-1b m1g-1c m1g-1d m1g-1h m1g-1v m1g-1x\"><span class=\"x-image e52-e52 m1g-3e m1g-3h\"><img decoding=\"async\" src=\"https:\/\/straye.no\/wp-content\/uploads\/2023\/08\/Consto.webp\" width=\"223\" height=\"59\" alt=\"Image\" loading=\"lazy\"><\/span><\/div><div class=\"x-col e52-e51 m1g-1a m1g-1b m1g-1c m1g-1d m1g-1h m1g-1v m1g-1x\"><span class=\"x-image e52-e52 m1g-3e m1g-3h\"><img decoding=\"async\" src=\"https:\/\/straye.no\/wp-content\/uploads\/2023\/08\/norbygg-logo-web.png\" width=\"400\" height=\"141\" alt=\"Image\" loading=\"lazy\"><\/span><\/div><div class=\"x-col e52-e51 m1g-1a m1g-1b m1g-1c m1g-1d m1g-1h m1g-1v m1g-1x\"><span class=\"x-image e52-e52 m1g-3e m1g-3h\"><img decoding=\"async\" src=\"https:\/\/straye.no\/wp-content\/uploads\/2023\/08\/Betonmast-sort-gul.svg\" width=\"103\" height=\"35\" alt=\"Image\" loading=\"lazy\"><\/span><\/div><div class=\"x-col e52-e51 m1g-1a m1g-1b m1g-1c m1g-1d m1g-1h m1g-1v m1g-1x\"><span class=\"x-image e52-e52 m1g-3e m1g-3h\"><img decoding=\"async\" src=\"https:\/\/straye.no\/wp-content\/uploads\/2023\/08\/Panelbygg-25-ar-type-B-300x60-1.png\" width=\"150\" height=\"30\" alt=\"Image\" loading=\"lazy\"><\/span><\/div><div class=\"x-col e52-e51 m1g-1a m1g-1b m1g-1c m1g-1d m1g-1h m1g-1v m1g-1x\"><\/div><\/div><\/div><\/div><div class=\"x-section x-hide-lg x-hide-md x-hide-sm x-hide-xl x-hide-xs e52-e53 m1g-0 m1g-1 m1g-3 m1g-4 m1g-5 m1g-8\"><div class=\"x-row x-container max width e52-e54 m1g-c m1g-d m1g-e m1g-f m1g-g m1g-h m1g-i m1g-s m1g-w m1g-18\"><div class=\"x-row-inner\"><div class=\"x-col e52-e55 m1g-1a m1g-1b m1g-1c m1g-1d m1g-1h m1g-1k m1g-1v\"><span class=\"x-image e52-e56 m1g-3e m1g-3g m1g-3i\"><img decoding=\"async\" src=\"https:\/\/straye.no\/wp-content\/uploads\/2023\/06\/Bygg.svg\" width=\"0\" height=\"0\" alt=\"Image\" loading=\"lazy\"><\/span><div class=\"x-text x-text-headline e52-e57 m1g-3j m1g-3k m1g-3l m1g-3m\"><div class=\"x-text-content\"><div class=\"x-text-content-text\"><p class=\"x-text-content-text-primary\">Vi har byggt<\/p>\n<\/div><\/div><\/div><div class=\"x-div e52-e58 m1g-1z m1g-24 m1g-27 m1g-29\" style=\"--tco-dc1g-g:#547463;\"><div class=\"x-counter e52-e59 m1g-3p\" data-x-element-counter=\"{&quot;to&quot;:&quot;2,200,000&quot;,&quot;speed&quot;:&quot;1500ms&quot;,&quot;commaSeparatedDecimal&quot;:false}\"><div class=\"x-counter-number-wrap\"><span class=\"x-counter-number\">0<\/span><span class=\"x-counter-number-suffix\">&nbsp;Kvadratmeter<\/span><\/div><\/div><\/div><div class=\"x-text x-text-headline e52-e60 m1g-3j m1g-3k m1g-3n\"><div class=\"x-text-content\"><div class=\"x-text-content-text\"><p class=\"x-text-content-text-primary\">med kommersiella byggnader i Norge<\/p>\n<\/div><\/div><\/div><\/div><div class=\"x-col e52-e55 m1g-1a m1g-1b m1g-1c m1g-1d m1g-1h m1g-1k m1g-1v\"><span class=\"x-image e52-e56 m1g-3e m1g-3g m1g-3i\"><img decoding=\"async\" src=\"https:\/\/straye.no\/wp-content\/uploads\/2023\/06\/SandwichElementer.svg\" width=\"0\" height=\"0\" alt=\"Image\" loading=\"lazy\"><\/span><div class=\"x-text x-text-headline e52-e57 m1g-3j m1g-3k m1g-3l m1g-3m\"><div class=\"x-text-content\"><div class=\"x-text-content-text\"><p class=\"x-text-content-text-primary\">Vi har installerat<\/p>\n<\/div><\/div><\/div><div class=\"x-div e52-e58 m1g-1z m1g-24 m1g-27 m1g-29\" style=\"--tco-dc1g-g:#a8ab9c;\"><div class=\"x-counter e52-e59 m1g-3p\" data-x-element-counter=\"{&quot;to&quot;:&quot;900,000&quot;,&quot;speed&quot;:&quot;1500ms&quot;,&quot;commaSeparatedDecimal&quot;:false}\"><div class=\"x-counter-number-wrap\"><span class=\"x-counter-number\">0<\/span><span class=\"x-counter-number-suffix\">&nbsp;Kvadratmeter<\/span><\/div><\/div><\/div><div class=\"x-text x-text-headline e52-e60 m1g-3j m1g-3k m1g-3n\"><div class=\"x-text-content\"><div class=\"x-text-content-text\"><p class=\"x-text-content-text-primary\">med sandwichelement<\/p>\n<\/div><\/div><\/div><\/div><div class=\"x-col e52-e55 m1g-1a m1g-1b m1g-1c m1g-1d m1g-1h m1g-1k m1g-1v\"><span class=\"x-image e52-e56 m1g-3e m1g-3g m1g-3i\"><img decoding=\"async\" src=\"https:\/\/straye.no\/wp-content\/uploads\/2023\/06\/Steel.svg\" width=\"0\" height=\"0\" alt=\"Image\" loading=\"lazy\"><\/span><div class=\"x-text x-text-headline e52-e57 m1g-3j m1g-3k m1g-3l m1g-3m\"><div class=\"x-text-content\"><div class=\"x-text-content-text\"><p class=\"x-text-content-text-primary\">Vi har levererat<\/p>\n<\/div><\/div><\/div><div class=\"x-div e52-e58 m1g-1z m1g-24 m1g-27 m1g-29\" style=\"--tco-dc1g-g:#405c91;\"><div class=\"x-counter e52-e59 m1g-3p\" data-x-element-counter=\"{&quot;to&quot;:&quot;45,000&quot;,&quot;speed&quot;:&quot;1500ms&quot;,&quot;commaSeparatedDecimal&quot;:false}\"><div class=\"x-counter-number-wrap\"><span class=\"x-counter-number\">0<\/span><span class=\"x-counter-number-suffix\">&nbsp;ton<\/span><\/div><\/div><\/div><div class=\"x-text x-text-headline e52-e60 m1g-3j m1g-3k m1g-3n\"><div class=\"x-text-content\"><div class=\"x-text-content-text\"><p class=\"x-text-content-text-primary\">med st\u00e5l f\u00f6r konstruktion<\/p>\n<\/div><\/div><\/div><\/div><\/div><\/div><\/div><div class=\"x-section e52-e61 m1g-0 m1g-1 m1g-3 m1g-b background-section\"><div class=\"x-row e52-e62 m1g-e m1g-f m1g-g m1g-h m1g-i m1g-j m1g-n m1g-p m1g-q m1g-x m1g-y m1g-19\"><div class=\"x-bg\" aria-hidden=\"true\"><div class=\"x-bg-layer-lower-color\"><\/div><\/div><div class=\"x-row-inner\"><div class=\"x-col e52-e63 m1g-1b m1g-1c m1g-1f m1g-1h m1g-1p m1g-1v m1g-1x m1g-1y background-ref\" style=\"--tco-dc1g-i:url(https:\/\/straye.no\/wp-content\/uploads\/2023\/08\/oxertarnet_01.jpg);\"><div class=\"x-bg\" aria-hidden=\"true\"><div class=\"x-bg-layer-lower-image\"><\/div><div class=\"x-bg-layer-upper-color\"><\/div><\/div><a style=\"--tco-dc1g-k:rgb(49,96,148);--tco-dc1g-n:rgb(49,96,148);--tco-dc1g-p:rgb(49,96,148);--tco-dc1g-s:rgb(49,96,148);--tco-dc1g-u:rgb(49,96,148);--tco-dc1g-x:rgb(49,96,148);\" href=\"\/wp-json\/referanser\/\" class=\"x-text x-text-headline e52-e64 m1g-3j m1g-3m m1g-3o refbtn\"><div class=\"x-text-content\"><div class=\"x-text-content-text\"><h3 class=\"x-text-content-text-primary\">Se v\u00e5ra referenser<\/h3>\n<\/div><\/div><\/a><\/div><\/div><\/div><\/div><\/div>","protected":false},"excerpt":{"rendered":"<p>Vi er Norges ledende tettbyggentrepren\u00f8r p\u00e5 st\u00e5lbyggStraye St\u00e5lbygg har siden 2007 konstruert st\u00e5lbygg av h\u00f8y kvalitet herunder tak, fasade og tett-bygg entrepriser til n\u00e6ring-, industri- og kontorbygg.God flytFra f\u00f8rste strek p\u00e5 tegnebrettet, til 3D-modellering, gjennomf\u00f8ring og ferdigstillelse til fastsatt tid. Det er hva vi kaller \u00abGod flyt\u00bb og er en naturlig del av v\u00e5r hverdag i Straye St\u00e5lbygg. KvalitetBak den &#8230; <\/p>\n<div><a href=\"https:\/\/straye.no\/sv\/stalbygg\/\" class=\"more-link\">L\u00e4s mer om<\/a><\/div>","protected":false},"author":2,"featured_media":0,"parent":0,"menu_order":2,"comment_status":"closed","ping_status":"closed","template":"template-blank-4.php","meta":{"_acf_changed":false,"inline_featured_image":false,"footnotes":""},"tags":[5],"firmaer":[10],"class_list":["post-52","page","type-page","status-publish","hentry","tag-forside","firmaer-stalbygg","no-post-thumbnail"],"acf":[],"yoast_head":"<!-- This site is optimized with the Yoast SEO plugin v27.4 - https:\/\/yoast.com\/product\/yoast-seo-wordpress\/ -->\n<title>St\u00e5lbygg - Straye<\/title>\n<meta name=\"robots\" content=\"index, follow, max-snippet:-1, max-image-preview:large, max-video-preview:-1\" \/>\n<link rel=\"canonical\" href=\"https:\/\/straye.no\/sv\/stalbygg\/\" \/>\n<meta property=\"og:locale\" content=\"sv_SE\" \/>\n<meta property=\"og:type\" content=\"article\" \/>\n<meta property=\"og:title\" content=\"St\u00e5lbygg - Straye\" \/>\n<meta property=\"og:description\" content=\"Vi er Norges ledende tettbyggentrepren\u00f8r p\u00e5 st\u00e5lbyggStraye St\u00e5lbygg har siden 2007 konstruert st\u00e5lbygg av h\u00f8y kvalitet herunder tak, fasade og tett-bygg entrepriser til n\u00e6ring-, industri- og kontorbygg.God flytFra f\u00f8rste strek p\u00e5 tegnebrettet, til 3D-modellering, gjennomf\u00f8ring og ferdigstillelse til fastsatt tid. Det er hva vi kaller \u00abGod flyt\u00bb og er en naturlig del av v\u00e5r hverdag i Straye St\u00e5lbygg. KvalitetBak den ... Read More\" \/>\n<meta property=\"og:url\" content=\"https:\/\/straye.no\/sv\/stalbygg\/\" \/>\n<meta property=\"og:site_name\" content=\"Straye\" \/>\n<meta property=\"article:modified_time\" content=\"2026-03-30T08:51:47+00:00\" \/>\n<meta name=\"twitter:card\" content=\"summary_large_image\" \/>\n<script type=\"application\/ld+json\" class=\"yoast-schema-graph\">{\"@context\":\"https:\\\/\\\/schema.org\",\"@graph\":[{\"@type\":\"WebPage\",\"@id\":\"https:\\\/\\\/straye.no\\\/stalbygg\\\/\",\"url\":\"https:\\\/\\\/straye.no\\\/stalbygg\\\/\",\"name\":\"St\u00e5lbygg - Straye\",\"isPartOf\":{\"@id\":\"https:\\\/\\\/straye.no\\\/#website\"},\"datePublished\":\"2023-01-26T07:56:45+00:00\",\"dateModified\":\"2026-03-30T08:51:47+00:00\",\"breadcrumb\":{\"@id\":\"https:\\\/\\\/straye.no\\\/stalbygg\\\/#breadcrumb\"},\"inLanguage\":\"sv-SE\",\"potentialAction\":[{\"@type\":\"ReadAction\",\"target\":[\"https:\\\/\\\/straye.no\\\/stalbygg\\\/\"]}]},{\"@type\":\"BreadcrumbList\",\"@id\":\"https:\\\/\\\/straye.no\\\/stalbygg\\\/#breadcrumb\",\"itemListElement\":[{\"@type\":\"ListItem\",\"position\":1,\"name\":\"Hjem\",\"item\":\"https:\\\/\\\/straye.no\\\/\"},{\"@type\":\"ListItem\",\"position\":2,\"name\":\"St\u00e5lbygg\"}]},{\"@type\":\"WebSite\",\"@id\":\"https:\\\/\\\/straye.no\\\/#website\",\"url\":\"https:\\\/\\\/straye.no\\\/\",\"name\":\"Straye Gruppen AS\",\"description\":\"Straye\",\"potentialAction\":[{\"@type\":\"SearchAction\",\"target\":{\"@type\":\"EntryPoint\",\"urlTemplate\":\"https:\\\/\\\/straye.no\\\/?s={search_term_string}\"},\"query-input\":{\"@type\":\"PropertyValueSpecification\",\"valueRequired\":true,\"valueName\":\"search_term_string\"}}],\"inLanguage\":\"sv-SE\"}]}<\/script>\n<!-- \/ Yoast SEO plugin. -->","yoast_head_json":{"title":"St\u00e5lbygg - Straye","robots":{"index":"index","follow":"follow","max-snippet":"max-snippet:-1","max-image-preview":"max-image-preview:large","max-video-preview":"max-video-preview:-1"},"canonical":"https:\/\/straye.no\/sv\/stalbygg\/","og_locale":"sv_SE","og_type":"article","og_title":"St\u00e5lbygg - Straye","og_description":"Vi er Norges ledende tettbyggentrepren\u00f8r p\u00e5 st\u00e5lbyggStraye St\u00e5lbygg har siden 2007 konstruert st\u00e5lbygg av h\u00f8y kvalitet herunder tak, fasade og tett-bygg entrepriser til n\u00e6ring-, industri- og kontorbygg.God flytFra f\u00f8rste strek p\u00e5 tegnebrettet, til 3D-modellering, gjennomf\u00f8ring og ferdigstillelse til fastsatt tid. Det er hva vi kaller \u00abGod flyt\u00bb og er en naturlig del av v\u00e5r hverdag i Straye St\u00e5lbygg. KvalitetBak den ... Read More","og_url":"https:\/\/straye.no\/sv\/stalbygg\/","og_site_name":"Straye","article_modified_time":"2026-03-30T08:51:47+00:00","twitter_card":"summary_large_image","schema":{"@context":"https:\/\/schema.org","@graph":[{"@type":"WebPage","@id":"https:\/\/straye.no\/stalbygg\/","url":"https:\/\/straye.no\/stalbygg\/","name":"St\u00e5lbygg - Straye","isPartOf":{"@id":"https:\/\/straye.no\/#website"},"datePublished":"2023-01-26T07:56:45+00:00","dateModified":"2026-03-30T08:51:47+00:00","breadcrumb":{"@id":"https:\/\/straye.no\/stalbygg\/#breadcrumb"},"inLanguage":"sv-SE","potentialAction":[{"@type":"ReadAction","target":["https:\/\/straye.no\/stalbygg\/"]}]},{"@type":"BreadcrumbList","@id":"https:\/\/straye.no\/stalbygg\/#breadcrumb","itemListElement":[{"@type":"ListItem","position":1,"name":"Hjem","item":"https:\/\/straye.no\/"},{"@type":"ListItem","position":2,"name":"St\u00e5lbygg"}]},{"@type":"WebSite","@id":"https:\/\/straye.no\/#website","url":"https:\/\/straye.no\/","name":"Straye Group AS","description":"Straye","potentialAction":[{"@type":"SearchAction","target":{"@type":"EntryPoint","urlTemplate":"https:\/\/straye.no\/?s={search_term_string}"},"query-input":{"@type":"PropertyValueSpecification","valueRequired":true,"valueName":"search_term_string"}}],"inLanguage":"sv-SE"}]}},"_links":{"self":[{"href":"https:\/\/straye.no\/sv\/wp-json\/wp\/v2\/pages\/52","targetHints":{"allow":["GET"]}}],"collection":[{"href":"https:\/\/straye.no\/sv\/wp-json\/wp\/v2\/pages"}],"about":[{"href":"https:\/\/straye.no\/sv\/wp-json\/wp\/v2\/types\/page"}],"author":[{"embeddable":true,"href":"https:\/\/straye.no\/sv\/wp-json\/wp\/v2\/users\/2"}],"replies":[{"embeddable":true,"href":"https:\/\/straye.no\/sv\/wp-json\/wp\/v2\/comments?post=52"}],"version-history":[{"count":45,"href":"https:\/\/straye.no\/sv\/wp-json\/wp\/v2\/pages\/52\/revisions"}],"predecessor-version":[{"id":2058,"href":"https:\/\/straye.no\/sv\/wp-json\/wp\/v2\/pages\/52\/revisions\/2058"}],"wp:attachment":[{"href":"https:\/\/straye.no\/sv\/wp-json\/wp\/v2\/media?parent=52"}],"wp:term":[{"taxonomy":"post_tag","embeddable":true,"href":"https:\/\/straye.no\/sv\/wp-json\/wp\/v2\/tags?post=52"},{"taxonomy":"firmaer","embeddable":true,"href":"https:\/\/straye.no\/sv\/wp-json\/wp\/v2\/firmaer?post=52"}],"curies":[{"name":"wp","href":"https:\/\/api.w.org\/{rel}","templated":true}]}}