{"id":2895,"date":"2026-04-22T22:18:48","date_gmt":"2026-04-22T22:18:48","guid":{"rendered":"https:\/\/straye.no\/utkast\/utkast-logistikkbygg-varehus-straye-20260422\/"},"modified":"2026-04-22T22:18:48","modified_gmt":"2026-04-22T22:18:48","slug":"utkast-logistikkbygg-varehus-straye-20260422","status":"publish","type":"page","link":"https:\/\/straye.no\/sv\/utkast\/utkast-logistikkbygg-varehus-straye-20260422\/","title":{"rendered":"Utkast till granskning: Logistikbyggnad och lager"},"content":{"rendered":"<p><em>Dette er et midlertidig utkast til gjennomlesning. Ikke endelig publisert nyhetssak.<\/em><\/p>\n<h1>Logistikkbygg og varehus: Straye styrker posisjonen<\/h1>\n<p>Straye fortsetter \u00e5 styrke posisjonen innen logistikkbygg og varehus. Med nye leveranser i Trondheim og erfaring fra store prosjekter over hele landet bygger vi videre p\u00e5 en portef\u00f8lje som viser bredde, kapasitet og gjennomf\u00f8ringsevne.<\/p>\n<h2>Nytt prosjekt: Megaflis-varehus i Trondheim<\/h2>\n<p>Vi har signert kontrakt som underentrepren\u00f8r p\u00e5 Megaflis sitt nye varehus p\u00e5 Sandmoen i Trondheim. I prosjektet leverer Straye St\u00e5lbygg tett bygg, inkludert tak, fasade og klimaskall, i samarbeid med Veidekke.<\/p>\n<ul>\n<li><strong>Utvecklare:<\/strong> LOGGA OM<\/li>\n<li><strong>Totalentrepren\u00f6r:<\/strong> Veidekke<\/li>\n<li><strong>Yta<\/strong> 6 137 m\u00b2<\/li>\n<li><strong>Planerat f\u00e4rdigst\u00e4llande:<\/strong> V\u00e5ren 2027<\/li>\n<\/ul>\n<h2>Erfaring fra store logistikkbygg og varehus<\/h2>\n<p>Det nye prosjektet i Trondheim bygger videre p\u00e5 erfaringen v\u00e5r fra flere st\u00f8rre n\u00e6ringsbygg og logistikkprosjekter:<\/p>\n<ul>\n<li><a href=\"https:\/\/straye.no\/sv\/referanser\/tak\/alsell-logistikksenter\/\">Ahlsell Logistikcenter<\/a>, der Straye Tak har levert over 50 000 m\u00b2 taktekking.<\/li>\n<li><a href=\"https:\/\/straye.no\/sv\/referanser\/stalbygg\/neumann-bygg\/\">Neumann Byggnad<\/a>, et nytt byggevarehus p\u00e5 6 300 m\u00b2 i Sarpsborg, der vi leverte komplette b\u00e6rende st\u00e5lkonstruksjoner.<\/li>\n<li><a href=\"https:\/\/straye.no\/sv\/referanser\/stalbygg\/ikea-vestby\/\">IKEA Vestby<\/a>, der Straye St\u00e5lbygg ferdigstilte nytt lager p\u00e5 43 000 m\u00b2.<\/li>\n<\/ul>\n<h2>Bygger for effektiv vareflyt og drift<\/h2>\n<p>Felles for disse prosjektene er h\u00f8ye krav til fremdrift, effektiv montasje og l\u00f8sninger som fungerer godt i drift over tid. For logistikkbygg og varehus handler det om mer enn selve bygget. Det handler om \u00e5 skape rammer for vareflyt, logistikk og videre vekst.<\/p>\n<p>For Straye er dette et tydelig bevis p\u00e5 at vi har kompetansen og kapasiteten som kreves for \u00e5 levere b\u00e5de store og komplekse n\u00e6ringsprosjekter over hele landet.<\/p>\n<p>Les ogs\u00e5 mer om prosjektet i Trondheim: <a href=\"https:\/\/straye.no\/sv\/aktuelt\/megaflis-varehus-i-trondheim\/\">Megaflis-varuhus i Trondheim<\/a>.<\/p>\n<p>Har du et prosjekt innen logistikkbygg, varehus eller n\u00e6ringsbygg, tar vi gjerne en prat om muligheter og l\u00f8sninger.<\/p>","protected":false},"excerpt":{"rendered":"<p>Dette er et midlertidig utkast til gjennomlesning. Ikke endelig publisert nyhetssak. Logistikkbygg og varehus: Straye styrker posisjonen Straye fortsetter \u00e5 styrke posisjonen innen logistikkbygg og varehus. Med nye leveranser i Trondheim og erfaring fra store prosjekter over hele landet bygger vi videre p\u00e5 en portef\u00f8lje som viser bredde, kapasitet og gjennomf\u00f8ringsevne. Nytt prosjekt: Megaflis-varehus i Trondheim Vi har signert kontrakt &#8230; <\/p>\n<div><a href=\"https:\/\/straye.no\/sv\/utkast\/utkast-logistikkbygg-varehus-straye-20260422\/\" class=\"more-link\">L\u00e4s mer om<\/a><\/div>","protected":false},"author":8,"featured_media":0,"parent":2884,"menu_order":0,"comment_status":"closed","ping_status":"closed","template":"","meta":{"_acf_changed":false,"inline_featured_image":false,"footnotes":""},"tags":[],"firmaer":[],"class_list":["post-2895","page","type-page","status-publish","hentry","no-post-thumbnail"],"acf":[],"yoast_head":"<!-- This site is optimized with the Yoast SEO plugin v27.5 - https:\/\/yoast.com\/product\/yoast-seo-wordpress\/ -->\n<title>Utkast til gjennomlesning: Logistikkbygg og varehus - Straye<\/title>\n<meta name=\"robots\" content=\"index, follow, max-snippet:-1, max-image-preview:large, max-video-preview:-1\" \/>\n<link rel=\"canonical\" href=\"https:\/\/straye.no\/sv\/utkast\/utkast-logistikkbygg-varehus-straye-20260422\/\" \/>\n<meta property=\"og:locale\" content=\"sv_SE\" \/>\n<meta property=\"og:type\" content=\"article\" \/>\n<meta property=\"og:title\" content=\"Utkast til gjennomlesning: Logistikkbygg og varehus - Straye\" \/>\n<meta property=\"og:description\" content=\"Dette er et midlertidig utkast til gjennomlesning. Ikke endelig publisert nyhetssak. Logistikkbygg og varehus: Straye styrker posisjonen Straye fortsetter \u00e5 styrke posisjonen innen logistikkbygg og varehus. Med nye leveranser i Trondheim og erfaring fra store prosjekter over hele landet bygger vi videre p\u00e5 en portef\u00f8lje som viser bredde, kapasitet og gjennomf\u00f8ringsevne. Nytt prosjekt: Megaflis-varehus i Trondheim Vi har signert kontrakt ... Read More\" \/>\n<meta property=\"og:url\" content=\"https:\/\/straye.no\/sv\/utkast\/utkast-logistikkbygg-varehus-straye-20260422\/\" \/>\n<meta property=\"og:site_name\" content=\"Straye\" \/>\n<meta name=\"twitter:card\" content=\"summary_large_image\" \/>\n<meta name=\"twitter:label1\" content=\"Ber\u00e4knad l\u00e4stid\" \/>\n\t<meta name=\"twitter:data1\" content=\"1 minut\" \/>\n<script type=\"application\/ld+json\" class=\"yoast-schema-graph\">{\"@context\":\"https:\\\/\\\/schema.org\",\"@graph\":[{\"@type\":\"WebPage\",\"@id\":\"https:\\\/\\\/straye.no\\\/utkast\\\/utkast-logistikkbygg-varehus-straye-20260422\\\/\",\"url\":\"https:\\\/\\\/straye.no\\\/utkast\\\/utkast-logistikkbygg-varehus-straye-20260422\\\/\",\"name\":\"Utkast til gjennomlesning: Logistikkbygg og varehus - Straye\",\"isPartOf\":{\"@id\":\"https:\\\/\\\/straye.no\\\/#website\"},\"datePublished\":\"2026-04-22T22:18:48+00:00\",\"breadcrumb\":{\"@id\":\"https:\\\/\\\/straye.no\\\/utkast\\\/utkast-logistikkbygg-varehus-straye-20260422\\\/#breadcrumb\"},\"inLanguage\":\"sv-SE\",\"potentialAction\":[{\"@type\":\"ReadAction\",\"target\":[\"https:\\\/\\\/straye.no\\\/utkast\\\/utkast-logistikkbygg-varehus-straye-20260422\\\/\"]}]},{\"@type\":\"BreadcrumbList\",\"@id\":\"https:\\\/\\\/straye.no\\\/utkast\\\/utkast-logistikkbygg-varehus-straye-20260422\\\/#breadcrumb\",\"itemListElement\":[{\"@type\":\"ListItem\",\"position\":1,\"name\":\"Hjem\",\"item\":\"https:\\\/\\\/straye.no\\\/\"},{\"@type\":\"ListItem\",\"position\":2,\"name\":\"Utkast\",\"item\":\"https:\\\/\\\/straye.no\\\/utkast\\\/\"},{\"@type\":\"ListItem\",\"position\":3,\"name\":\"Utkast til gjennomlesning: Logistikkbygg og varehus\"}]},{\"@type\":\"WebSite\",\"@id\":\"https:\\\/\\\/straye.no\\\/#website\",\"url\":\"https:\\\/\\\/straye.no\\\/\",\"name\":\"Straye Gruppen AS\",\"description\":\"Straye\",\"potentialAction\":[{\"@type\":\"SearchAction\",\"target\":{\"@type\":\"EntryPoint\",\"urlTemplate\":\"https:\\\/\\\/straye.no\\\/?s={search_term_string}\"},\"query-input\":{\"@type\":\"PropertyValueSpecification\",\"valueRequired\":true,\"valueName\":\"search_term_string\"}}],\"inLanguage\":\"sv-SE\"}]}<\/script>\n<!-- \/ Yoast SEO plugin. -->","yoast_head_json":{"title":"Utkast til gjennomlesning: Logistikkbygg og varehus - Straye","robots":{"index":"index","follow":"follow","max-snippet":"max-snippet:-1","max-image-preview":"max-image-preview:large","max-video-preview":"max-video-preview:-1"},"canonical":"https:\/\/straye.no\/sv\/utkast\/utkast-logistikkbygg-varehus-straye-20260422\/","og_locale":"sv_SE","og_type":"article","og_title":"Utkast til gjennomlesning: Logistikkbygg og varehus - Straye","og_description":"Dette er et midlertidig utkast til gjennomlesning. Ikke endelig publisert nyhetssak. Logistikkbygg og varehus: Straye styrker posisjonen Straye fortsetter \u00e5 styrke posisjonen innen logistikkbygg og varehus. Med nye leveranser i Trondheim og erfaring fra store prosjekter over hele landet bygger vi videre p\u00e5 en portef\u00f8lje som viser bredde, kapasitet og gjennomf\u00f8ringsevne. Nytt prosjekt: Megaflis-varehus i Trondheim Vi har signert kontrakt ... Read More","og_url":"https:\/\/straye.no\/sv\/utkast\/utkast-logistikkbygg-varehus-straye-20260422\/","og_site_name":"Straye","twitter_card":"summary_large_image","twitter_misc":{"Ber\u00e4knad l\u00e4stid":"1 minut"},"schema":{"@context":"https:\/\/schema.org","@graph":[{"@type":"WebPage","@id":"https:\/\/straye.no\/utkast\/utkast-logistikkbygg-varehus-straye-20260422\/","url":"https:\/\/straye.no\/utkast\/utkast-logistikkbygg-varehus-straye-20260422\/","name":"Utkast til gjennomlesning: Logistikkbygg og varehus - Straye","isPartOf":{"@id":"https:\/\/straye.no\/#website"},"datePublished":"2026-04-22T22:18:48+00:00","breadcrumb":{"@id":"https:\/\/straye.no\/utkast\/utkast-logistikkbygg-varehus-straye-20260422\/#breadcrumb"},"inLanguage":"sv-SE","potentialAction":[{"@type":"ReadAction","target":["https:\/\/straye.no\/utkast\/utkast-logistikkbygg-varehus-straye-20260422\/"]}]},{"@type":"BreadcrumbList","@id":"https:\/\/straye.no\/utkast\/utkast-logistikkbygg-varehus-straye-20260422\/#breadcrumb","itemListElement":[{"@type":"ListItem","position":1,"name":"Hjem","item":"https:\/\/straye.no\/"},{"@type":"ListItem","position":2,"name":"Utkast","item":"https:\/\/straye.no\/utkast\/"},{"@type":"ListItem","position":3,"name":"Utkast til gjennomlesning: Logistikkbygg og varehus"}]},{"@type":"WebSite","@id":"https:\/\/straye.no\/#website","url":"https:\/\/straye.no\/","name":"Straye Group AS","description":"Straye","potentialAction":[{"@type":"SearchAction","target":{"@type":"EntryPoint","urlTemplate":"https:\/\/straye.no\/?s={search_term_string}"},"query-input":{"@type":"PropertyValueSpecification","valueRequired":true,"valueName":"search_term_string"}}],"inLanguage":"sv-SE"}]}},"_links":{"self":[{"href":"https:\/\/straye.no\/sv\/wp-json\/wp\/v2\/pages\/2895","targetHints":{"allow":["GET"]}}],"collection":[{"href":"https:\/\/straye.no\/sv\/wp-json\/wp\/v2\/pages"}],"about":[{"href":"https:\/\/straye.no\/sv\/wp-json\/wp\/v2\/types\/page"}],"author":[{"embeddable":true,"href":"https:\/\/straye.no\/sv\/wp-json\/wp\/v2\/users\/8"}],"replies":[{"embeddable":true,"href":"https:\/\/straye.no\/sv\/wp-json\/wp\/v2\/comments?post=2895"}],"version-history":[{"count":0,"href":"https:\/\/straye.no\/sv\/wp-json\/wp\/v2\/pages\/2895\/revisions"}],"up":[{"embeddable":true,"href":"https:\/\/straye.no\/sv\/wp-json\/wp\/v2\/pages\/2884"}],"wp:attachment":[{"href":"https:\/\/straye.no\/sv\/wp-json\/wp\/v2\/media?parent=2895"}],"wp:term":[{"taxonomy":"post_tag","embeddable":true,"href":"https:\/\/straye.no\/sv\/wp-json\/wp\/v2\/tags?post=2895"},{"taxonomy":"firmaer","embeddable":true,"href":"https:\/\/straye.no\/sv\/wp-json\/wp\/v2\/firmaer?post=2895"}],"curies":[{"name":"wp","href":"https:\/\/api.w.org\/{rel}","templated":true}]}}