{"id":2884,"date":"2026-04-22T22:02:59","date_gmt":"2026-04-22T22:02:59","guid":{"rendered":"https:\/\/straye.no\/utkast\/"},"modified":"2026-04-22T22:28:20","modified_gmt":"2026-04-22T22:28:20","slug":"utkast","status":"publish","type":"page","link":"https:\/\/straye.no\/sv\/utkast\/","title":{"rendered":"Utkast"},"content":{"rendered":"<p>Denne siden samler offentlige utkast til gjennomlesning. Siden er ikke ment \u00e5 v\u00e6re synlig fra ordin\u00e6re oversikter eller forsider.<\/p>\n<ul>\n<li><a href=\"https:\/\/straye.no\/sv\/utkast\/utkast-horizon-k3-20260422\/\">UTKAST: Horizon K3 p\u00e5 Gardermoen<\/a><\/li>\n<li><a href=\"https:\/\/straye.no\/sv\/utkast\/utkast-logistikkbygg-varehus-straye-20260422\/\">Utkast till granskning: Logistikbyggnad och lager<\/a><\/li>\n<\/ul>\n<p><em>Denne oversikten er kun for deling av utkast og er ikke en ordin\u00e6r publiseringsside.<\/em><\/p>","protected":false},"excerpt":{"rendered":"<p>Denne siden samler offentlige utkast til gjennomlesning. Siden er ikke ment \u00e5 v\u00e6re synlig fra ordin\u00e6re oversikter eller forsider. UTKAST: Horizon K3 p\u00e5 Gardermoen Utkast til gjennomlesning: Logistikkbygg og varehus Denne oversikten er kun for deling av utkast og er ikke en ordin\u00e6r publiseringsside.<\/p>","protected":false},"author":8,"featured_media":0,"parent":0,"menu_order":0,"comment_status":"closed","ping_status":"closed","template":"","meta":{"_acf_changed":false,"inline_featured_image":false,"footnotes":""},"tags":[],"firmaer":[],"class_list":["post-2884","page","type-page","status-publish","hentry","no-post-thumbnail"],"acf":[],"yoast_head":"<!-- This site is optimized with the Yoast SEO plugin v27.5 - https:\/\/yoast.com\/product\/yoast-seo-wordpress\/ -->\n<title>Utkast - Straye<\/title>\n<meta name=\"robots\" content=\"index, follow, max-snippet:-1, max-image-preview:large, max-video-preview:-1\" \/>\n<link rel=\"canonical\" href=\"https:\/\/straye.no\/sv\/utkast\/\" \/>\n<meta property=\"og:locale\" content=\"sv_SE\" \/>\n<meta property=\"og:type\" content=\"article\" \/>\n<meta property=\"og:title\" content=\"Utkast - Straye\" \/>\n<meta property=\"og:description\" content=\"Denne siden samler offentlige utkast til gjennomlesning. Siden er ikke ment \u00e5 v\u00e6re synlig fra ordin\u00e6re oversikter eller forsider. UTKAST: Horizon K3 p\u00e5 Gardermoen Utkast til gjennomlesning: Logistikkbygg og varehus Denne oversikten er kun for deling av utkast og er ikke en ordin\u00e6r publiseringsside.\" \/>\n<meta property=\"og:url\" content=\"https:\/\/straye.no\/sv\/utkast\/\" \/>\n<meta property=\"og:site_name\" content=\"Straye\" \/>\n<meta property=\"article:modified_time\" content=\"2026-04-22T22:28:20+00:00\" \/>\n<meta name=\"twitter:card\" content=\"summary_large_image\" \/>\n<script type=\"application\/ld+json\" class=\"yoast-schema-graph\">{\"@context\":\"https:\\\/\\\/schema.org\",\"@graph\":[{\"@type\":\"WebPage\",\"@id\":\"https:\\\/\\\/straye.no\\\/utkast\\\/\",\"url\":\"https:\\\/\\\/straye.no\\\/utkast\\\/\",\"name\":\"Utkast - Straye\",\"isPartOf\":{\"@id\":\"https:\\\/\\\/straye.no\\\/#website\"},\"datePublished\":\"2026-04-22T22:02:59+00:00\",\"dateModified\":\"2026-04-22T22:28:20+00:00\",\"breadcrumb\":{\"@id\":\"https:\\\/\\\/straye.no\\\/utkast\\\/#breadcrumb\"},\"inLanguage\":\"sv-SE\",\"potentialAction\":[{\"@type\":\"ReadAction\",\"target\":[\"https:\\\/\\\/straye.no\\\/utkast\\\/\"]}]},{\"@type\":\"BreadcrumbList\",\"@id\":\"https:\\\/\\\/straye.no\\\/utkast\\\/#breadcrumb\",\"itemListElement\":[{\"@type\":\"ListItem\",\"position\":1,\"name\":\"Hjem\",\"item\":\"https:\\\/\\\/straye.no\\\/\"},{\"@type\":\"ListItem\",\"position\":2,\"name\":\"Utkast\"}]},{\"@type\":\"WebSite\",\"@id\":\"https:\\\/\\\/straye.no\\\/#website\",\"url\":\"https:\\\/\\\/straye.no\\\/\",\"name\":\"Straye Gruppen AS\",\"description\":\"Straye\",\"potentialAction\":[{\"@type\":\"SearchAction\",\"target\":{\"@type\":\"EntryPoint\",\"urlTemplate\":\"https:\\\/\\\/straye.no\\\/?s={search_term_string}\"},\"query-input\":{\"@type\":\"PropertyValueSpecification\",\"valueRequired\":true,\"valueName\":\"search_term_string\"}}],\"inLanguage\":\"sv-SE\"}]}<\/script>\n<!-- \/ Yoast SEO plugin. -->","yoast_head_json":{"title":"Utkast - Straye","robots":{"index":"index","follow":"follow","max-snippet":"max-snippet:-1","max-image-preview":"max-image-preview:large","max-video-preview":"max-video-preview:-1"},"canonical":"https:\/\/straye.no\/sv\/utkast\/","og_locale":"sv_SE","og_type":"article","og_title":"Utkast - Straye","og_description":"Denne siden samler offentlige utkast til gjennomlesning. Siden er ikke ment \u00e5 v\u00e6re synlig fra ordin\u00e6re oversikter eller forsider. UTKAST: Horizon K3 p\u00e5 Gardermoen Utkast til gjennomlesning: Logistikkbygg og varehus Denne oversikten er kun for deling av utkast og er ikke en ordin\u00e6r publiseringsside.","og_url":"https:\/\/straye.no\/sv\/utkast\/","og_site_name":"Straye","article_modified_time":"2026-04-22T22:28:20+00:00","twitter_card":"summary_large_image","schema":{"@context":"https:\/\/schema.org","@graph":[{"@type":"WebPage","@id":"https:\/\/straye.no\/utkast\/","url":"https:\/\/straye.no\/utkast\/","name":"Utkast - Straye","isPartOf":{"@id":"https:\/\/straye.no\/#website"},"datePublished":"2026-04-22T22:02:59+00:00","dateModified":"2026-04-22T22:28:20+00:00","breadcrumb":{"@id":"https:\/\/straye.no\/utkast\/#breadcrumb"},"inLanguage":"sv-SE","potentialAction":[{"@type":"ReadAction","target":["https:\/\/straye.no\/utkast\/"]}]},{"@type":"BreadcrumbList","@id":"https:\/\/straye.no\/utkast\/#breadcrumb","itemListElement":[{"@type":"ListItem","position":1,"name":"Hjem","item":"https:\/\/straye.no\/"},{"@type":"ListItem","position":2,"name":"Utkast"}]},{"@type":"WebSite","@id":"https:\/\/straye.no\/#website","url":"https:\/\/straye.no\/","name":"Straye Group AS","description":"Straye","potentialAction":[{"@type":"SearchAction","target":{"@type":"EntryPoint","urlTemplate":"https:\/\/straye.no\/?s={search_term_string}"},"query-input":{"@type":"PropertyValueSpecification","valueRequired":true,"valueName":"search_term_string"}}],"inLanguage":"sv-SE"}]}},"_links":{"self":[{"href":"https:\/\/straye.no\/sv\/wp-json\/wp\/v2\/pages\/2884","targetHints":{"allow":["GET"]}}],"collection":[{"href":"https:\/\/straye.no\/sv\/wp-json\/wp\/v2\/pages"}],"about":[{"href":"https:\/\/straye.no\/sv\/wp-json\/wp\/v2\/types\/page"}],"author":[{"embeddable":true,"href":"https:\/\/straye.no\/sv\/wp-json\/wp\/v2\/users\/8"}],"replies":[{"embeddable":true,"href":"https:\/\/straye.no\/sv\/wp-json\/wp\/v2\/comments?post=2884"}],"version-history":[{"count":3,"href":"https:\/\/straye.no\/sv\/wp-json\/wp\/v2\/pages\/2884\/revisions"}],"predecessor-version":[{"id":2898,"href":"https:\/\/straye.no\/sv\/wp-json\/wp\/v2\/pages\/2884\/revisions\/2898"}],"wp:attachment":[{"href":"https:\/\/straye.no\/sv\/wp-json\/wp\/v2\/media?parent=2884"}],"wp:term":[{"taxonomy":"post_tag","embeddable":true,"href":"https:\/\/straye.no\/sv\/wp-json\/wp\/v2\/tags?post=2884"},{"taxonomy":"firmaer","embeddable":true,"href":"https:\/\/straye.no\/sv\/wp-json\/wp\/v2\/firmaer?post=2884"}],"curies":[{"name":"wp","href":"https:\/\/api.w.org\/{rel}","templated":true}]}}