{"id":2427,"date":"2025-06-16T06:49:20","date_gmt":"2025-06-16T06:49:20","guid":{"rendered":"https:\/\/straye.no\/?page_id=2427"},"modified":"2025-06-16T08:37:01","modified_gmt":"2025-06-16T08:37:01","slug":"personvern","status":"publish","type":"page","link":"https:\/\/straye.no\/sv\/personvern\/","title":{"rendered":"Integritetspolicy"},"content":{"rendered":"<div id=\"cs-content\" class=\"cs-content\"><div class=\"x-section e2427-e1 m1vf-0\"><div class=\"x-row x-container max width e2427-e2 m1vf-1 m1vf-2\"><div class=\"x-row-inner\"><div class=\"x-col e2427-e3 m1vf-3\"><div class=\"x-text x-content e2427-e4 m1vf-4\"><p>Straye \u00e4r personuppgiftsansvarig f\u00f6r den behandling av personuppgifter som beskrivs i denna integritetspolicy. I denna integritetspolicy f\u00f6rklarar vi vilken typ av personuppgifter vi lagrar och hur vi behandlar dem. Denna sekretesspolicy g\u00e4ller f\u00f6r: <a href=\"https:\/\/straye.no\/sv\/\">Straye<\/a><\/p>\n\n<h2>Personuppgifter som vi samlar in och behandlar<\/h2>\n<p>Vi behandlar f\u00f6ljande kategorier av personuppgifter:<\/p>\n\n<ul>\n \t<li><strong>Grundl\u00e4ggande information<\/strong>: Namn, f\u00f6delsedatum<\/li>\n \t<li><strong>Kontaktuppgifter<\/strong>: Adress, telefonnummer, e-postadress<\/li>\n \t<li><strong>Konto- och profilinformation<\/strong>: Inst\u00e4llningar, preferenser<\/li>\n \t<li><strong>Kundhistorik och kundengagemang<\/strong>: Order- och leveransinformation, varukorgsr\u00f6relser, rabattkoder, information om lojalitetsprogram, aktiva produkter och avtal samt produkter och tj\u00e4nster som du har haft tidigare, hur mycket och hur ofta de anv\u00e4nds, status f\u00f6r produkter\/tj\u00e4nster<\/li>\n \t<li><strong>Kundaktivitet<\/strong>: L\u00e4s- och \u00e5tg\u00e4rdshistorik fr\u00e5n appar, webbplatser eller elektronisk kommunikation som vi skickar ut. Samt teknisk information om de enheter du anv\u00e4nder.<\/li>\n \t<li><strong>Kakor<\/strong>: se v\u00e5r information om cookies h\u00e4r - test<\/li>\n<\/ul>\n<p>Personuppgifterna samlas in direkt fr\u00e5n dig genom information som du l\u00e4mnar till oss och i samband med att du anv\u00e4nder v\u00e5ra tj\u00e4nster och produkter.<\/p>\n\n<ul><\/ul>\n<h2>Hur vi anv\u00e4nder personuppgifterna<\/h2>\n<h3>System\u00f6vervakning, fels\u00f6kning etc.<\/h3>\n<p>Vi \u00f6vervakar v\u00e5ra system f\u00f6r att uppt\u00e4cka fel och problem. En del av dessa processer inneb\u00e4r lagring och behandling av personuppgifter. Den r\u00e4ttsliga grunden f\u00f6r behandling av personuppgifter f\u00f6r detta \u00e4ndam\u00e5l \u00e4r v\u00e5rt ber\u00e4ttigade intresse.<\/p>\n\n<h3>S\u00e4kerhet, bedr\u00e4geri och brottsuppt\u00e4ckt<\/h3>\n<p>Vi behandlar personuppgifter i v\u00e5r str\u00e4van att skydda v\u00e5ra anv\u00e4ndare och oss sj\u00e4lva mot bedr\u00e4glig verksamhet, missbruk och brottsliga handlingar. Den r\u00e4ttsliga grunden f\u00f6r behandling av personuppgifter f\u00f6r detta \u00e4ndam\u00e5l \u00e4r v\u00e5rt ber\u00e4ttigade intresse.<\/p>\n\n<h3>Uppfylla r\u00e4ttsliga skyldigheter<\/h3>\n<p>I vissa fall \u00e4r vi skyldiga att behandla personuppgifter f\u00f6r att fullg\u00f6ra andra r\u00e4ttsliga f\u00f6rpliktelser. Ett exempel p\u00e5 detta \u00e4r information om f\u00f6rs\u00e4ljning som vi \u00e4r skyldiga att redovisa och lagra enligt bokf\u00f6ringslagen. Den r\u00e4ttsliga grunden f\u00f6r att behandla personuppgifter f\u00f6r detta \u00e4ndam\u00e5l \u00e4r att behandlingen \u00e4r n\u00f6dv\u00e4ndig f\u00f6r att fullg\u00f6ra en r\u00e4ttslig f\u00f6rpliktelse som \u00e5vilar oss.<\/p>\n\n<h2>Dina r\u00e4ttigheter<\/h2>\n<p>Om du vill ut\u00f6va n\u00e5gon av dina r\u00e4ttigheter, v\u00e4nligen kontakta oss p\u00e5 test.<\/p>\n\n<h3>R\u00e4tt att f\u00e5 tillg\u00e5ng till din egen information<\/h3>\n<p>Du kan beg\u00e4ra en kopia av all information som vi behandlar om dig. V\u00e4nligen kontakta oss p\u00e5 e-postadressen ovan f\u00f6r att ut\u00f6va din r\u00e4tt till tillg\u00e5ng.<\/p>\n\n<h3>R\u00e4tt till r\u00e4ttelse av personuppgifter<\/h3>\n<p>Du har r\u00e4tt att beg\u00e4ra att vi r\u00e4ttar eller kompletterar information som \u00e4r felaktig eller missvisande.<\/p>\n\n<h3>R\u00e4tt till radering av personuppgifter<\/h3>\n<p>Du har r\u00e4tt att f\u00e5 dina personuppgifter raderade utan on\u00f6digt dr\u00f6jsm\u00e5l. Du kan d\u00e4rf\u00f6r n\u00e4r som helst be oss att radera information om dig sj\u00e4lv. Observera dock att information som vi \u00e4r skyldiga att beh\u00e5lla p\u00e5 grund av andra r\u00e4ttsliga f\u00f6rpliktelser (t.ex. bokf\u00f6ringslagen) inte kommer att raderas.<\/p>\n\n<h3>Begr\u00e4nsning av behandling av personuppgifter<\/h3>\n<p>I vissa situationer kan du ocks\u00e5 be oss att begr\u00e4nsa behandlingen av information om dig. Du g\u00f6r detta genom att hantera samtycken eller reservationer i v\u00e5ra l\u00f6sningar.<\/p>\n\n<h3>Inv\u00e4ndning mot behandling av personuppgifter<\/h3>\n<p>Om vi behandlar information om dig p\u00e5 grundval av v\u00e5ra uppgifter eller p\u00e5 grundval av en intresseavv\u00e4gning, har du r\u00e4tt att inv\u00e4nda mot v\u00e5r behandling av information om dig. Du g\u00f6r detta genom att hantera samtycken eller reservationer i v\u00e5ra l\u00f6sningar.<\/p>\n\n<h3>Dataportabilitet<\/h3>\n<p>Du har r\u00e4tt att f\u00e5 dina personuppgifter i ett strukturerat, allm\u00e4nt anv\u00e4nt och maskinl\u00e4sbart format. V\u00e4nligen kontakta oss p\u00e5 e-postadressen ovan f\u00f6r att f\u00e5 dina personuppgifter.<\/p>\n\n<h3>Du kan klaga p\u00e5 v\u00e5r behandling av personuppgifter<\/h3>\n<p>Vi hoppas att du vill meddela oss om du anser att vi inte f\u00f6ljer reglerna i personuppgiftslagen. Du \u00e4r v\u00e4lkommen att f\u00f6rst meddela oss genom den kontakt eller kanal du redan har etablerat med oss. Du kan ocks\u00e5 klaga p\u00e5 v\u00e5r behandling av personuppgifter. Det kan du g\u00f6ra genom att kontakta den norska dataskyddsmyndigheten.<\/p>\n<p><strong>Denna integritetspolicy \u00e4r baserad p\u00e5 en mall f\u00f6r<span>\u00a0<\/span><a href=\"https:\/\/gdprcontrol.no\/personvernerklaring-mal\/\">Integritetspolicy<\/a><span>\u00a0<\/span>fr\u00e5n<span>\u00a0<\/span><a href=\"https:\/\/gdprcontrol.no\/\">gdprcontrol.no<\/a><\/strong><\/p><\/div><\/div><\/div><\/div><\/div><\/div>","protected":false},"excerpt":{"rendered":"<p>Straye \u00e4r personuppgiftsansvarig f\u00f6r den behandling av personuppgifter som beskrivs i denna integritetspolicy. I denna integritetspolicy f\u00f6rklarar vi vilken typ av personuppgifter vi lagrar och hur vi behandlar dem. Denna integritetspolicy g\u00e4ller f\u00f6r: Straye Personuppgifter som vi samlar in och behandlar Vi behandlar f\u00f6ljande kategorier av personuppgifter: Grundl\u00e4ggande information: Namn, f\u00f6delsedatum Kontaktuppgifter: Adress, telefonnummer, e-postadress Konto- och profilinformation: Inst\u00e4llningar, preferenser Kundhistorik och kundengagemang: ... <\/p>\n<div><a href=\"https:\/\/straye.no\/sv\/personvern\/\" class=\"more-link\">L\u00e4s mer om<\/a><\/div>","protected":false},"author":1,"featured_media":0,"parent":0,"menu_order":0,"comment_status":"closed","ping_status":"closed","template":"template-blank-4.php","meta":{"_acf_changed":false,"inline_featured_image":false,"footnotes":""},"tags":[],"firmaer":[14],"class_list":["post-2427","page","type-page","status-publish","hentry","firmaer-straye","no-post-thumbnail"],"acf":[],"yoast_head":"<!-- This site is optimized with the Yoast SEO plugin v27.4 - https:\/\/yoast.com\/product\/yoast-seo-wordpress\/ -->\n<title>Personvern - Straye<\/title>\n<meta name=\"robots\" content=\"index, follow, max-snippet:-1, max-image-preview:large, max-video-preview:-1\" \/>\n<link rel=\"canonical\" href=\"https:\/\/straye.no\/sv\/personvern\/\" \/>\n<meta property=\"og:locale\" content=\"sv_SE\" \/>\n<meta property=\"og:type\" content=\"article\" \/>\n<meta property=\"og:title\" content=\"Personvern - Straye\" \/>\n<meta property=\"og:description\" content=\"Straye er behandlingsansvarlig for behandlingen av personopplysninger som beskrevet i denne personvernerkl\u00e6ringen. I denne personvernerkl\u00e6ringen forklarer vi hva slags personopplysninger vi lagrer og hvordan vi behandler de. Denne personvernerkl\u00e6ringen gjelder for: Straye Personopplysninger vi samler inn og behandler Vi behandler f\u00f8lgende kategorier av personopplysninger: Grunnleggende informasjon: Navn, f\u00f8dselsdato Kontaktinformasjon: Adresse, telefonnummer, epostadresse Konto og profilinformasjon: Innstillinger, preferanser Kundehistorikk og kundeengasjement: ... Read More\" \/>\n<meta property=\"og:url\" content=\"https:\/\/straye.no\/sv\/personvern\/\" \/>\n<meta property=\"og:site_name\" content=\"Straye\" \/>\n<meta property=\"article:modified_time\" content=\"2025-06-16T08:37:01+00:00\" \/>\n<meta name=\"twitter:card\" content=\"summary_large_image\" \/>\n<meta name=\"twitter:label1\" content=\"Ber\u00e4knad l\u00e4stid\" \/>\n\t<meta name=\"twitter:data1\" content=\"4 minuter\" \/>\n<script type=\"application\/ld+json\" class=\"yoast-schema-graph\">{\"@context\":\"https:\\\/\\\/schema.org\",\"@graph\":[{\"@type\":\"WebPage\",\"@id\":\"https:\\\/\\\/straye.no\\\/personvern\\\/\",\"url\":\"https:\\\/\\\/straye.no\\\/personvern\\\/\",\"name\":\"Personvern - Straye\",\"isPartOf\":{\"@id\":\"https:\\\/\\\/straye.no\\\/#website\"},\"datePublished\":\"2025-06-16T06:49:20+00:00\",\"dateModified\":\"2025-06-16T08:37:01+00:00\",\"breadcrumb\":{\"@id\":\"https:\\\/\\\/straye.no\\\/personvern\\\/#breadcrumb\"},\"inLanguage\":\"sv-SE\",\"potentialAction\":[{\"@type\":\"ReadAction\",\"target\":[\"https:\\\/\\\/straye.no\\\/personvern\\\/\"]}]},{\"@type\":\"BreadcrumbList\",\"@id\":\"https:\\\/\\\/straye.no\\\/personvern\\\/#breadcrumb\",\"itemListElement\":[{\"@type\":\"ListItem\",\"position\":1,\"name\":\"Hjem\",\"item\":\"https:\\\/\\\/straye.no\\\/\"},{\"@type\":\"ListItem\",\"position\":2,\"name\":\"Personvern\"}]},{\"@type\":\"WebSite\",\"@id\":\"https:\\\/\\\/straye.no\\\/#website\",\"url\":\"https:\\\/\\\/straye.no\\\/\",\"name\":\"Straye Gruppen AS\",\"description\":\"Straye\",\"potentialAction\":[{\"@type\":\"SearchAction\",\"target\":{\"@type\":\"EntryPoint\",\"urlTemplate\":\"https:\\\/\\\/straye.no\\\/?s={search_term_string}\"},\"query-input\":{\"@type\":\"PropertyValueSpecification\",\"valueRequired\":true,\"valueName\":\"search_term_string\"}}],\"inLanguage\":\"sv-SE\"}]}<\/script>\n<!-- \/ Yoast SEO plugin. -->","yoast_head_json":{"title":"Personvern - Straye","robots":{"index":"index","follow":"follow","max-snippet":"max-snippet:-1","max-image-preview":"max-image-preview:large","max-video-preview":"max-video-preview:-1"},"canonical":"https:\/\/straye.no\/sv\/personvern\/","og_locale":"sv_SE","og_type":"article","og_title":"Personvern - Straye","og_description":"Straye er behandlingsansvarlig for behandlingen av personopplysninger som beskrevet i denne personvernerkl\u00e6ringen. I denne personvernerkl\u00e6ringen forklarer vi hva slags personopplysninger vi lagrer og hvordan vi behandler de. Denne personvernerkl\u00e6ringen gjelder for: Straye Personopplysninger vi samler inn og behandler Vi behandler f\u00f8lgende kategorier av personopplysninger: Grunnleggende informasjon: Navn, f\u00f8dselsdato Kontaktinformasjon: Adresse, telefonnummer, epostadresse Konto og profilinformasjon: Innstillinger, preferanser Kundehistorikk og kundeengasjement: ... Read More","og_url":"https:\/\/straye.no\/sv\/personvern\/","og_site_name":"Straye","article_modified_time":"2025-06-16T08:37:01+00:00","twitter_card":"summary_large_image","twitter_misc":{"Ber\u00e4knad l\u00e4stid":"4 minuter"},"schema":{"@context":"https:\/\/schema.org","@graph":[{"@type":"WebPage","@id":"https:\/\/straye.no\/personvern\/","url":"https:\/\/straye.no\/personvern\/","name":"Personvern - Straye","isPartOf":{"@id":"https:\/\/straye.no\/#website"},"datePublished":"2025-06-16T06:49:20+00:00","dateModified":"2025-06-16T08:37:01+00:00","breadcrumb":{"@id":"https:\/\/straye.no\/personvern\/#breadcrumb"},"inLanguage":"sv-SE","potentialAction":[{"@type":"ReadAction","target":["https:\/\/straye.no\/personvern\/"]}]},{"@type":"BreadcrumbList","@id":"https:\/\/straye.no\/personvern\/#breadcrumb","itemListElement":[{"@type":"ListItem","position":1,"name":"Hjem","item":"https:\/\/straye.no\/"},{"@type":"ListItem","position":2,"name":"Personvern"}]},{"@type":"WebSite","@id":"https:\/\/straye.no\/#website","url":"https:\/\/straye.no\/","name":"Straye Group AS","description":"Straye","potentialAction":[{"@type":"SearchAction","target":{"@type":"EntryPoint","urlTemplate":"https:\/\/straye.no\/?s={search_term_string}"},"query-input":{"@type":"PropertyValueSpecification","valueRequired":true,"valueName":"search_term_string"}}],"inLanguage":"sv-SE"}]}},"_links":{"self":[{"href":"https:\/\/straye.no\/sv\/wp-json\/wp\/v2\/pages\/2427","targetHints":{"allow":["GET"]}}],"collection":[{"href":"https:\/\/straye.no\/sv\/wp-json\/wp\/v2\/pages"}],"about":[{"href":"https:\/\/straye.no\/sv\/wp-json\/wp\/v2\/types\/page"}],"author":[{"embeddable":true,"href":"https:\/\/straye.no\/sv\/wp-json\/wp\/v2\/users\/1"}],"replies":[{"embeddable":true,"href":"https:\/\/straye.no\/sv\/wp-json\/wp\/v2\/comments?post=2427"}],"version-history":[{"count":7,"href":"https:\/\/straye.no\/sv\/wp-json\/wp\/v2\/pages\/2427\/revisions"}],"predecessor-version":[{"id":2435,"href":"https:\/\/straye.no\/sv\/wp-json\/wp\/v2\/pages\/2427\/revisions\/2435"}],"wp:attachment":[{"href":"https:\/\/straye.no\/sv\/wp-json\/wp\/v2\/media?parent=2427"}],"wp:term":[{"taxonomy":"post_tag","embeddable":true,"href":"https:\/\/straye.no\/sv\/wp-json\/wp\/v2\/tags?post=2427"},{"taxonomy":"firmaer","embeddable":true,"href":"https:\/\/straye.no\/sv\/wp-json\/wp\/v2\/firmaer?post=2427"}],"curies":[{"name":"wp","href":"https:\/\/api.w.org\/{rel}","templated":true}]}}