{"id":1991,"date":"2024-09-24T09:56:27","date_gmt":"2024-09-24T09:56:27","guid":{"rendered":"https:\/\/straye.no\/?page_id=1991"},"modified":"2024-11-05T08:45:16","modified_gmt":"2024-11-05T08:45:16","slug":"industri","status":"publish","type":"page","link":"https:\/\/straye.no\/sv\/industri\/","title":{"rendered":"Industri"},"content":{"rendered":"<div id=\"cs-content\" class=\"cs-content\"><div class=\"x-section e1991-e1 m1jb-0 m1jb-1 m1jb-2 m1jb-3 m1jb-4 m1jb-5\"><div class=\"x-row e1991-e2 m1jb-c m1jb-d m1jb-e m1jb-f m1jb-g m1jb-h m1jb-i m1jb-j m1jb-y m1jb-z\"><div class=\"x-row-inner\"><div class=\"x-col e1991-e3 m1jb-1a m1jb-1b m1jb-1c m1jb-1d\"><div class=\"x-div e1991-e4 m1jb-1z m1jb-20 m1jb-21\"><div class=\"x-div e1991-e5 m1jb-1z m1jb-21\"><div class=\"x-slide-container-viewport is-loading e1991-e6 m1jb-27\" data-x-slide-container=\"{&quot;keyboardNavigation&quot;:true,&quot;startingSlide&quot;:1,&quot;enter&quot;:&quot;fade&quot;,&quot;exit&quot;:&quot;fade&quot;,&quot;swipe&quot;:&quot;&quot;,&quot;stacked&quot;:true}\"><div class=\"x-slide-container-content\"><div class=\"x-slide-container is-stacked\"><\/div><\/div><\/div><\/div><ul class=\"x-slide-pagination is-row e1991-e21 m1jb-3f\" data-x-slide-pagination=\"\"><\/ul><\/div><\/div><\/div><\/div><\/div><div class=\"x-section e1991-e22 m1jb-1 m1jb-3 m1jb-5 m1jb-6 m1jb-7\"><div class=\"x-row x-container max width e1991-e23 m1jb-c m1jb-e m1jb-f m1jb-h m1jb-i m1jb-j m1jb-n m1jb-o m1jb-p m1jb-y m1jb-13\"><div class=\"x-row-inner\"><div class=\"x-col e1991-e24 m1jb-1a m1jb-1b m1jb-1c m1jb-1n m1jb-1o m1jb-1p m1jb-1q\"><div class=\"x-text x-content e1991-e25 m1jb-2e m1jb-2f m1jb-2h m1jb-2i m1jb-2n m1jb-2o m1jb-2p m1jb-2q m1jb-2r\">H\u00f6gkvalitativa st\u00e5lbyggnader och fabriksinstallationer av st\u00e5lkonstruktioner<\/div><div class=\"x-text x-content e1991-e26 m1jb-2e m1jb-2f m1jb-2g m1jb-2i m1jb-2n m1jb-2q m1jb-2r m1jb-2s m1jb-2t text-subheadline\">Straye industri AS grundades \u00e5r 2023. F\u00f6retaget utvecklas och visar god tillv\u00e4xt i genomf\u00f6rda projekt p\u00e5 kort tid. Med bas i Bamble i Telemark kan f\u00f6retaget ta sig an projekt inom logistikbyggnader och industrimontage i Vestfold, Telemark, Agder och Rogaland.<\/div><\/div><div class=\"x-col e1991-e27 m1jb-1a m1jb-1b m1jb-1c m1jb-1d m1jb-1f m1jb-1j m1jb-1r\" style=\"--tco-dc1jb-5:url(https:\/\/straye.no\/wp-content\/uploads\/2024\/09\/StrayeIndustri_2-1.jpg);\"><div class=\"x-bg\" aria-hidden=\"true\"><div class=\"x-bg-layer-lower-image\"><\/div><\/div><hr class=\"x-line e1991-e28 m1jb-2a m1jb-2b\"\/><\/div><div class=\"x-col e1991-e29 m1jb-1a m1jb-1b m1jb-1c m1jb-1d\"><div class=\"x-row e1991-e30 m1jb-e m1jb-f m1jb-g m1jb-h m1jb-i m1jb-p m1jb-q m1jb-r m1jb-s m1jb-14 benefits-row\"><div class=\"x-row-inner\"><div class=\"x-col e1991-e31 m1jb-1a m1jb-1b m1jb-1c m1jb-1g m1jb-1k m1jb-1l m1jb-1q m1jb-1s\" style=\"--tco-dc1jb-7:#559695;\"><span class=\"x-image e1991-e32 m1jb-36 m1jb-38 m1jb-39 ikon_hoydepunkt\"><img decoding=\"async\" src=\"https:\/\/straye.no\/wp-content\/uploads\/2023\/08\/Flyt.svg\" width=\"0\" height=\"0\" alt=\"Image\" loading=\"lazy\"><\/span><div class=\"x-div e1991-e33 m1jb-1z m1jb-21 m1jb-22 m1jb-23 m1jb-24\"><div style=\"--tco-dc1jb-9:#f7f7f7;\" class=\"x-text x-content e1991-e34 m1jb-2e m1jb-2f m1jb-2i m1jb-2o m1jb-2q m1jb-2u m1jb-2v m1jb-2w m1jb-2x m1jb-2y\">Bra fl\u00f6de<\/div><div style=\"--tco-dc1jb-b:#f7f7f7;\" class=\"x-text x-content e1991-e35 m1jb-2e m1jb-2f m1jb-2g m1jb-2i m1jb-2q m1jb-2t m1jb-2u m1jb-2v m1jb-2y m1jb-2z m1jb-30\"><p>Fr\u00e5n f\u00f6rsta linjen p\u00e5 ritbordet, till 3D-modellering, genomf\u00f6rande och f\u00e4rdigst\u00e4llande i tid. Det \u00e4r vad vi kallar \"Good Flow\" och det \u00e4r en naturlig del av det dagliga arbetet p\u00e5 Straye Industri.<\/p>\n<\/div><\/div><\/div><div class=\"x-col e1991-e31 m1jb-1a m1jb-1b m1jb-1c m1jb-1g m1jb-1k m1jb-1l m1jb-1q m1jb-1s\" style=\"--tco-dc1jb-7:#E9EAE5;\"><span class=\"x-image e1991-e32 m1jb-36 m1jb-38 m1jb-39 ikon_hoydepunkt\"><img decoding=\"async\" src=\"https:\/\/straye.no\/wp-content\/uploads\/2024\/09\/Kvalitet-industri-1.svg\" width=\"0\" height=\"0\" alt=\"Image\" loading=\"lazy\"><\/span><div class=\"x-div e1991-e33 m1jb-1z m1jb-21 m1jb-22 m1jb-23 m1jb-24\"><div style=\"--tco-dc1jb-9:#477c7c;\" class=\"x-text x-content e1991-e34 m1jb-2e m1jb-2f m1jb-2i m1jb-2o m1jb-2q m1jb-2u m1jb-2v m1jb-2w m1jb-2x m1jb-2y\">Kvalitet<\/div><div style=\"--tco-dc1jb-b:#477c7c;\" class=\"x-text x-content e1991-e35 m1jb-2e m1jb-2f m1jb-2g m1jb-2i m1jb-2q m1jb-2t m1jb-2u m1jb-2v m1jb-2y m1jb-2z m1jb-30\"><div>Bakom den h\u00f6ga kvalitetsniv\u00e5n i v\u00e5ra projekt ligger noggranna ber\u00e4kningar, god planering, kompetenta medarbetare och endast material av h\u00f6gsta kvalitet i alla led.<\/div>\n<\/div><\/div><\/div><div class=\"x-col e1991-e31 m1jb-1a m1jb-1b m1jb-1c m1jb-1g m1jb-1k m1jb-1l m1jb-1q m1jb-1s\" style=\"--tco-dc1jb-7:#477c7c;\"><span class=\"x-image e1991-e32 m1jb-36 m1jb-38 m1jb-39 ikon_hoydepunkt\"><img decoding=\"async\" src=\"https:\/\/straye.no\/wp-content\/uploads\/2023\/08\/Baerekraft.svg\" width=\"0\" height=\"0\" alt=\"Image\" loading=\"lazy\"><\/span><div class=\"x-div e1991-e33 m1jb-1z m1jb-21 m1jb-22 m1jb-23 m1jb-24\"><div style=\"--tco-dc1jb-9:#f7f7f7;\" class=\"x-text x-content e1991-e34 m1jb-2e m1jb-2f m1jb-2i m1jb-2o m1jb-2q m1jb-2u m1jb-2v m1jb-2w m1jb-2x m1jb-2y\">H\u00e5llbarhet<\/div><div style=\"--tco-dc1jb-b:#f7f7f7;\" class=\"x-text x-content e1991-e35 m1jb-2e m1jb-2f m1jb-2g m1jb-2i m1jb-2q m1jb-2t m1jb-2u m1jb-2v m1jb-2y m1jb-2z m1jb-30\"><p>Straye arbetar aktivt f\u00f6r att minska v\u00e5r milj\u00f6p\u00e5verkan n\u00e4r vi bygger nya kommersiella byggnader. Social h\u00e5llbarhet \u00e4r ocks\u00e5 en lika viktig prioritering i v\u00e5rt f\u00f6retag f\u00f6r att vi ska ha n\u00f6jda medarbetare.<\/p>\n<\/div><\/div><\/div><\/div><\/div><\/div><\/div><\/div><\/div><div class=\"x-section e1991-e36 m1jb-0 m1jb-1 m1jb-5 m1jb-7 m1jb-8 m1jb-9\"><div class=\"x-row e1991-e37 m1jb-c m1jb-d m1jb-e m1jb-g m1jb-h m1jb-l m1jb-t m1jb-10 m1jb-15\"><div class=\"x-row-inner\"><div class=\"x-col e1991-e38 m1jb-1a m1jb-1b m1jb-1c m1jb-1d m1jb-1f m1jb-1j m1jb-1t\" style=\"--tco-dc1jb-d:url(https:\/\/straye.no\/wp-content\/uploads\/2025\/12\/StrayeFyrverkeri-scaled.jpg);\"><div class=\"x-bg\" aria-hidden=\"true\"><div class=\"x-bg-layer-lower-image\"><\/div><\/div><hr class=\"x-line x-hide-lg x-hide-md x-hide-xl e1991-e39 m1jb-2a m1jb-2c\"\/><\/div><div class=\"x-col e1991-e40 m1jb-1a m1jb-1b m1jb-1c m1jb-1i m1jb-1u\"><div class=\"x-text x-content e1991-e41 m1jb-2e m1jb-2f m1jb-2o m1jb-2v m1jb-2x m1jb-2y m1jb-31 m1jb-32\">Senaste nytt<\/div><div class=\"x-text x-content e1991-e42 m1jb-2e m1jb-2f m1jb-2i m1jb-2o m1jb-2r m1jb-2u m1jb-2v m1jb-2x m1jb-2y m1jb-32 m1jb-33\">Gott nytt \u00e5r fr\u00e5n Straye!<\/div><div class=\"x-text x-content e1991-e43 m1jb-2e m1jb-2f m1jb-2g m1jb-2i m1jb-2m m1jb-2q m1jb-2t m1jb-2y m1jb-2z m1jb-34\">2025 har varit ett tufft \u00e5r f\u00f6r m\u00e5nga entrepren\u00f6rer i branschen. Trots detta har Straye - genom Straye St\u00e5lbygg, Straye Hybridbygg, Straye Tak och Straye Industri - levererat gedigna projekt med goda resultat. Vi \u00e4r mycket stolta \u00f6ver detta \ud83d\udc4f\ud83c\udffc Detta hade inte varit m\u00f6jligt utan v\u00e5ra duktiga medarbetare, v\u00e5ra p\u00e5litliga samarbetspartners och v\u00e5ra kunders f\u00f6rtroende. Tack till alla som har bidragit under det g\u00e5ngna \u00e5ret. Vi g\u00e5r in i 2026 med en rekordh\u00f6g orderstock och stor optimism. Vi ser nu fram emot att leverera m\u00e5nga bra projekt och skapa nya v\u00e4rden tillsammans med v\u00e5ra kunder. Vi \u00f6nskar...<\/div><div class=\"x-div e1991-e44 m1jb-1z m1jb-21 m1jb-22 m1jb-25\"><a class=\"x-anchor x-anchor-button e1991-e45 m1jb-3d m1jb-3e\" tabindex=\"0\" href=\"https:\/\/straye.no\/sv\/aktuelt\/nyttarshilsen2026\/\"><div class=\"x-anchor-content\"><div class=\"x-anchor-text\"><span class=\"x-anchor-text-primary\">L\u00e4s mer p\u00e5 engelska<\/span><\/div><\/div><\/a><\/div><\/div><\/div><\/div><\/div><div class=\"x-section e1991-e46 m1jb-0 m1jb-1 m1jb-3 m1jb-5 m1jb-7 m1jb-a\"><div class=\"x-row e1991-e47 m1jb-c m1jb-d m1jb-e m1jb-f m1jb-g m1jb-h m1jb-i m1jb-j m1jb-u m1jb-y m1jb-16\"><div class=\"x-row-inner\"><div class=\"x-col e1991-e48 m1jb-1a m1jb-1b m1jb-1c m1jb-1g m1jb-1k m1jb-1o m1jb-1p m1jb-1v m1jb-1w\"><div class=\"x-text x-content e1991-e49 m1jb-2e m1jb-2f m1jb-2i m1jb-2n m1jb-2o m1jb-2q m1jb-2r m1jb-2x m1jb-35\">N\u00e5gra av v\u00e5ra kunder i Norge.<\/div><\/div><\/div><\/div><div class=\"x-row x-container max width e1991-e50 m1jb-c m1jb-d m1jb-e m1jb-f m1jb-g m1jb-h m1jb-i m1jb-v m1jb-17\"><div class=\"x-row-inner\"><div class=\"x-col e1991-e51 m1jb-1a m1jb-1b m1jb-1c m1jb-1d m1jb-1g m1jb-1v m1jb-1x\"><span class=\"x-image e1991-e52 m1jb-36 m1jb-3a\"><img decoding=\"async\" src=\"https:\/\/straye.no\/wp-content\/uploads\/2023\/08\/Veidekke-1.webp\" width=\"223\" height=\"59\" alt=\"Image\" loading=\"lazy\"><\/span><\/div><div class=\"x-col e1991-e51 m1jb-1a m1jb-1b m1jb-1c m1jb-1d m1jb-1g m1jb-1v m1jb-1x\"><span class=\"x-image e1991-e52 m1jb-36 m1jb-3a\"><img decoding=\"async\" src=\"https:\/\/straye.no\/wp-content\/uploads\/2024\/09\/HAK.svg\" width=\"0\" height=\"0\" alt=\"Image\" loading=\"lazy\"><\/span><\/div><div class=\"x-col e1991-e51 m1jb-1a m1jb-1b m1jb-1c m1jb-1d m1jb-1g m1jb-1v m1jb-1x\"><span class=\"x-image e1991-e52 m1jb-36 m1jb-3a\"><img decoding=\"async\" src=\"https:\/\/straye.no\/wp-content\/uploads\/2024\/09\/inovyn-pic.avif\" width=\"478\" height=\"179\" alt=\"Image\" loading=\"lazy\"><\/span><\/div><div class=\"x-col e1991-e51 m1jb-1a m1jb-1b m1jb-1c m1jb-1d m1jb-1g m1jb-1v m1jb-1x\"><span class=\"x-image e1991-e52 m1jb-36 m1jb-3a\"><img decoding=\"async\" src=\"https:\/\/straye.no\/wp-content\/uploads\/2023\/08\/PEAB.svg\" width=\"450\" height=\"64\" alt=\"Image\" loading=\"lazy\"><\/span><\/div><div class=\"x-col e1991-e51 m1jb-1a m1jb-1b m1jb-1c m1jb-1d m1jb-1g m1jb-1v m1jb-1x\"><span class=\"x-image e1991-e52 m1jb-36 m1jb-3a\"><img decoding=\"async\" src=\"https:\/\/straye.no\/wp-content\/uploads\/2024\/09\/images-1.png\" width=\"181\" height=\"69\" alt=\"Image\" loading=\"lazy\"><\/span><\/div><\/div><\/div><\/div><div class=\"x-section x-hide-lg x-hide-md x-hide-sm x-hide-xl x-hide-xs e1991-e53 m1jb-0 m1jb-1 m1jb-3 m1jb-4 m1jb-5 m1jb-8\"><div class=\"x-row x-container max width e1991-e54 m1jb-c m1jb-d m1jb-e m1jb-f m1jb-g m1jb-h m1jb-i m1jb-s m1jb-w m1jb-18\"><div class=\"x-row-inner\"><div class=\"x-col e1991-e55 m1jb-1a m1jb-1b m1jb-1c m1jb-1d m1jb-1g m1jb-1k m1jb-1v\"><span class=\"x-image e1991-e56 m1jb-36 m1jb-38 m1jb-3b\"><img decoding=\"async\" src=\"https:\/\/straye.no\/wp-content\/uploads\/2023\/06\/Bygg.svg\" width=\"0\" height=\"0\" alt=\"Image\" loading=\"lazy\"><\/span><div class=\"x-text x-text-headline e1991-e57 m1jb-3g m1jb-3h m1jb-3i m1jb-3j\"><div class=\"x-text-content\"><div class=\"x-text-content-text\"><p class=\"x-text-content-text-primary\">Vi har byggt<\/p>\n<\/div><\/div><\/div><div class=\"x-div e1991-e58 m1jb-1z m1jb-24 m1jb-26\" style=\"--tco-dc1jb-f:#547463;\"><div class=\"x-counter e1991-e59 m1jb-3m\" data-x-element-counter=\"{&quot;to&quot;:&quot;2,200,000&quot;,&quot;speed&quot;:&quot;1500ms&quot;,&quot;commaSeparatedDecimal&quot;:false}\"><div class=\"x-counter-number-wrap\"><span class=\"x-counter-number\">0<\/span><span class=\"x-counter-number-suffix\">&nbsp;Kvadratmeter<\/span><\/div><\/div><\/div><div class=\"x-text x-text-headline e1991-e60 m1jb-3g m1jb-3h m1jb-3k\"><div class=\"x-text-content\"><div class=\"x-text-content-text\"><p class=\"x-text-content-text-primary\">med kommersiella byggnader i Norge<\/p>\n<\/div><\/div><\/div><\/div><div class=\"x-col e1991-e55 m1jb-1a m1jb-1b m1jb-1c m1jb-1d m1jb-1g m1jb-1k m1jb-1v\"><span class=\"x-image e1991-e56 m1jb-36 m1jb-38 m1jb-3b\"><img decoding=\"async\" src=\"https:\/\/straye.no\/wp-content\/uploads\/2023\/06\/SandwichElementer.svg\" width=\"0\" height=\"0\" alt=\"Image\" loading=\"lazy\"><\/span><div class=\"x-text x-text-headline e1991-e57 m1jb-3g m1jb-3h m1jb-3i m1jb-3j\"><div class=\"x-text-content\"><div class=\"x-text-content-text\"><p class=\"x-text-content-text-primary\">Vi har installerat<\/p>\n<\/div><\/div><\/div><div class=\"x-div e1991-e58 m1jb-1z m1jb-24 m1jb-26\" style=\"--tco-dc1jb-f:#a8ab9c;\"><div class=\"x-counter e1991-e59 m1jb-3m\" data-x-element-counter=\"{&quot;to&quot;:&quot;900,000&quot;,&quot;speed&quot;:&quot;1500ms&quot;,&quot;commaSeparatedDecimal&quot;:false}\"><div class=\"x-counter-number-wrap\"><span class=\"x-counter-number\">0<\/span><span class=\"x-counter-number-suffix\">&nbsp;Kvadratmeter<\/span><\/div><\/div><\/div><div class=\"x-text x-text-headline e1991-e60 m1jb-3g m1jb-3h m1jb-3k\"><div class=\"x-text-content\"><div class=\"x-text-content-text\"><p class=\"x-text-content-text-primary\">med sandwichelement<\/p>\n<\/div><\/div><\/div><\/div><div class=\"x-col e1991-e55 m1jb-1a m1jb-1b m1jb-1c m1jb-1d m1jb-1g m1jb-1k m1jb-1v\"><span class=\"x-image e1991-e56 m1jb-36 m1jb-38 m1jb-3b\"><img decoding=\"async\" src=\"https:\/\/straye.no\/wp-content\/uploads\/2023\/06\/Steel.svg\" width=\"0\" height=\"0\" alt=\"Image\" loading=\"lazy\"><\/span><div class=\"x-text x-text-headline e1991-e57 m1jb-3g m1jb-3h m1jb-3i m1jb-3j\"><div class=\"x-text-content\"><div class=\"x-text-content-text\"><p class=\"x-text-content-text-primary\">Vi har levererat<\/p>\n<\/div><\/div><\/div><div class=\"x-div e1991-e58 m1jb-1z m1jb-24 m1jb-26\" style=\"--tco-dc1jb-f:#405c91;\"><div class=\"x-counter e1991-e59 m1jb-3m\" data-x-element-counter=\"{&quot;to&quot;:&quot;45,000&quot;,&quot;speed&quot;:&quot;1500ms&quot;,&quot;commaSeparatedDecimal&quot;:false}\"><div class=\"x-counter-number-wrap\"><span class=\"x-counter-number\">0<\/span><span class=\"x-counter-number-suffix\">&nbsp;ton<\/span><\/div><\/div><\/div><div class=\"x-text x-text-headline e1991-e60 m1jb-3g m1jb-3h m1jb-3k\"><div class=\"x-text-content\"><div class=\"x-text-content-text\"><p class=\"x-text-content-text-primary\">med st\u00e5l f\u00f6r konstruktion<\/p>\n<\/div><\/div><\/div><\/div><\/div><\/div><\/div><\/div>","protected":false},"excerpt":{"rendered":"<p>H\u00f6gkvalitativa st\u00e5lbyggnader och fabriksinstallationer av st\u00e5lkonstruktionerStraye industri AS grundades 2023. F\u00f6retaget utvecklas och visar god tillv\u00e4xt i genomf\u00f6rda projekt p\u00e5 kort tid. Med bas i Bamble i Telemark kan f\u00f6retaget ta sig an projekt inom logistikbyggnader och industrimontage i Vestfold, Telemark, Agder och Rogaland.Bra fl\u00f6deFr\u00e5n f\u00f6rsta linjen p\u00e5 ritbordet, till 3D-modellering, genomf\u00f6rande och ... <\/p>\n<div><a href=\"https:\/\/straye.no\/sv\/industri\/\" class=\"more-link\">L\u00e4s mer om<\/a><\/div>","protected":false},"author":1,"featured_media":0,"parent":0,"menu_order":2,"comment_status":"closed","ping_status":"closed","template":"template-blank-4.php","meta":{"_acf_changed":false,"inline_featured_image":false,"footnotes":""},"tags":[5],"firmaer":[34],"class_list":["post-1991","page","type-page","status-publish","hentry","tag-forside","firmaer-industri","no-post-thumbnail"],"acf":[],"yoast_head":"<!-- This site is optimized with the Yoast SEO plugin v27.4 - https:\/\/yoast.com\/product\/yoast-seo-wordpress\/ -->\n<title>Industri - Straye<\/title>\n<meta name=\"robots\" content=\"index, follow, max-snippet:-1, max-image-preview:large, max-video-preview:-1\" \/>\n<link rel=\"canonical\" href=\"https:\/\/straye.no\/sv\/industri\/\" \/>\n<meta property=\"og:locale\" content=\"sv_SE\" \/>\n<meta property=\"og:type\" content=\"article\" \/>\n<meta property=\"og:title\" content=\"Industri - Straye\" \/>\n<meta property=\"og:description\" content=\"St\u00e5lbygg av h\u00f8y kvalitet og fabrikkinstallasjoner av st\u00e5lstrukturerStraye industri AS ble etablert i 2023. Selskapet er under utvikling og viser god vekst p\u00e5 gjennomf\u00f8rte prosjekter p\u00e5 kort tid. Med lokasjon i Bamble i Telemark kan selskapet ta p\u00e5 seg prosjekter innen logistikkbygg og industrielle sammenstillinger i Vestfold, Telemark, Agder og Rogaland.God flytFra f\u00f8rste strek p\u00e5 tegnebrettet, til 3D-modellering, gjennomf\u00f8ring og ... Read More\" \/>\n<meta property=\"og:url\" content=\"https:\/\/straye.no\/sv\/industri\/\" \/>\n<meta property=\"og:site_name\" content=\"Straye\" \/>\n<meta property=\"article:modified_time\" content=\"2024-11-05T08:45:16+00:00\" \/>\n<meta name=\"twitter:card\" content=\"summary_large_image\" \/>\n<script type=\"application\/ld+json\" class=\"yoast-schema-graph\">{\"@context\":\"https:\\\/\\\/schema.org\",\"@graph\":[{\"@type\":\"WebPage\",\"@id\":\"https:\\\/\\\/straye.no\\\/industri\\\/\",\"url\":\"https:\\\/\\\/straye.no\\\/industri\\\/\",\"name\":\"Industri - Straye\",\"isPartOf\":{\"@id\":\"https:\\\/\\\/straye.no\\\/#website\"},\"datePublished\":\"2024-09-24T09:56:27+00:00\",\"dateModified\":\"2024-11-05T08:45:16+00:00\",\"breadcrumb\":{\"@id\":\"https:\\\/\\\/straye.no\\\/industri\\\/#breadcrumb\"},\"inLanguage\":\"sv-SE\",\"potentialAction\":[{\"@type\":\"ReadAction\",\"target\":[\"https:\\\/\\\/straye.no\\\/industri\\\/\"]}]},{\"@type\":\"BreadcrumbList\",\"@id\":\"https:\\\/\\\/straye.no\\\/industri\\\/#breadcrumb\",\"itemListElement\":[{\"@type\":\"ListItem\",\"position\":1,\"name\":\"Hjem\",\"item\":\"https:\\\/\\\/straye.no\\\/\"},{\"@type\":\"ListItem\",\"position\":2,\"name\":\"Industri\"}]},{\"@type\":\"WebSite\",\"@id\":\"https:\\\/\\\/straye.no\\\/#website\",\"url\":\"https:\\\/\\\/straye.no\\\/\",\"name\":\"Straye Gruppen AS\",\"description\":\"Straye\",\"potentialAction\":[{\"@type\":\"SearchAction\",\"target\":{\"@type\":\"EntryPoint\",\"urlTemplate\":\"https:\\\/\\\/straye.no\\\/?s={search_term_string}\"},\"query-input\":{\"@type\":\"PropertyValueSpecification\",\"valueRequired\":true,\"valueName\":\"search_term_string\"}}],\"inLanguage\":\"sv-SE\"}]}<\/script>\n<!-- \/ Yoast SEO plugin. -->","yoast_head_json":{"title":"Industri - Straye","robots":{"index":"index","follow":"follow","max-snippet":"max-snippet:-1","max-image-preview":"max-image-preview:large","max-video-preview":"max-video-preview:-1"},"canonical":"https:\/\/straye.no\/sv\/industri\/","og_locale":"sv_SE","og_type":"article","og_title":"Industri - Straye","og_description":"St\u00e5lbygg av h\u00f8y kvalitet og fabrikkinstallasjoner av st\u00e5lstrukturerStraye industri AS ble etablert i 2023. Selskapet er under utvikling og viser god vekst p\u00e5 gjennomf\u00f8rte prosjekter p\u00e5 kort tid. Med lokasjon i Bamble i Telemark kan selskapet ta p\u00e5 seg prosjekter innen logistikkbygg og industrielle sammenstillinger i Vestfold, Telemark, Agder og Rogaland.God flytFra f\u00f8rste strek p\u00e5 tegnebrettet, til 3D-modellering, gjennomf\u00f8ring og ... Read More","og_url":"https:\/\/straye.no\/sv\/industri\/","og_site_name":"Straye","article_modified_time":"2024-11-05T08:45:16+00:00","twitter_card":"summary_large_image","schema":{"@context":"https:\/\/schema.org","@graph":[{"@type":"WebPage","@id":"https:\/\/straye.no\/industri\/","url":"https:\/\/straye.no\/industri\/","name":"Industri - Straye","isPartOf":{"@id":"https:\/\/straye.no\/#website"},"datePublished":"2024-09-24T09:56:27+00:00","dateModified":"2024-11-05T08:45:16+00:00","breadcrumb":{"@id":"https:\/\/straye.no\/industri\/#breadcrumb"},"inLanguage":"sv-SE","potentialAction":[{"@type":"ReadAction","target":["https:\/\/straye.no\/industri\/"]}]},{"@type":"BreadcrumbList","@id":"https:\/\/straye.no\/industri\/#breadcrumb","itemListElement":[{"@type":"ListItem","position":1,"name":"Hjem","item":"https:\/\/straye.no\/"},{"@type":"ListItem","position":2,"name":"Industri"}]},{"@type":"WebSite","@id":"https:\/\/straye.no\/#website","url":"https:\/\/straye.no\/","name":"Straye Group AS","description":"Straye","potentialAction":[{"@type":"SearchAction","target":{"@type":"EntryPoint","urlTemplate":"https:\/\/straye.no\/?s={search_term_string}"},"query-input":{"@type":"PropertyValueSpecification","valueRequired":true,"valueName":"search_term_string"}}],"inLanguage":"sv-SE"}]}},"_links":{"self":[{"href":"https:\/\/straye.no\/sv\/wp-json\/wp\/v2\/pages\/1991","targetHints":{"allow":["GET"]}}],"collection":[{"href":"https:\/\/straye.no\/sv\/wp-json\/wp\/v2\/pages"}],"about":[{"href":"https:\/\/straye.no\/sv\/wp-json\/wp\/v2\/types\/page"}],"author":[{"embeddable":true,"href":"https:\/\/straye.no\/sv\/wp-json\/wp\/v2\/users\/1"}],"replies":[{"embeddable":true,"href":"https:\/\/straye.no\/sv\/wp-json\/wp\/v2\/comments?post=1991"}],"version-history":[{"count":3,"href":"https:\/\/straye.no\/sv\/wp-json\/wp\/v2\/pages\/1991\/revisions"}],"predecessor-version":[{"id":2057,"href":"https:\/\/straye.no\/sv\/wp-json\/wp\/v2\/pages\/1991\/revisions\/2057"}],"wp:attachment":[{"href":"https:\/\/straye.no\/sv\/wp-json\/wp\/v2\/media?parent=1991"}],"wp:term":[{"taxonomy":"post_tag","embeddable":true,"href":"https:\/\/straye.no\/sv\/wp-json\/wp\/v2\/tags?post=1991"},{"taxonomy":"firmaer","embeddable":true,"href":"https:\/\/straye.no\/sv\/wp-json\/wp\/v2\/firmaer?post=1991"}],"curies":[{"name":"wp","href":"https:\/\/api.w.org\/{rel}","templated":true}]}}