{"id":1255,"date":"2023-09-04T12:02:07","date_gmt":"2023-09-04T12:02:07","guid":{"rendered":"https:\/\/straye.undrumdesign.no\/?page_id=1255"},"modified":"2024-04-26T10:33:14","modified_gmt":"2024-04-26T10:33:14","slug":"tak","status":"publish","type":"page","link":"https:\/\/straye.no\/sv\/tak\/","title":{"rendered":"Tak"},"content":{"rendered":"<div id=\"cs-content\" class=\"cs-content\"><div class=\"x-section e1255-e1 myv-0 myv-1 myv-2 myv-3 myv-4 myv-5\"><div class=\"x-row e1255-e2 myv-a myv-b myv-c myv-d myv-e myv-f myv-g myv-t myv-u\"><div class=\"x-row-inner\"><div class=\"x-col e1255-e3 myv-13 myv-14 myv-15 myv-16\"><div class=\"x-div e1255-e4 myv-1t myv-1u\"><div class=\"x-div e1255-e5 myv-1t\"><div class=\"x-slide-container-viewport is-loading e1255-e6 myv-1w\" data-x-slide-container=\"{&quot;keyboardNavigation&quot;:true,&quot;startingSlide&quot;:1,&quot;enter&quot;:&quot;fade&quot;,&quot;exit&quot;:&quot;fade&quot;,&quot;swipe&quot;:&quot;&quot;,&quot;stacked&quot;:true}\"><div class=\"x-slide-container-content\"><div class=\"x-slide-container is-stacked\"><div class=\"x-slide e1255-e7 myv-1x\" data-x-slide=\"\"><div class=\"x-row e1255-e8 myv-a myv-b myv-c myv-d myv-e myv-h myv-i myv-v myv-w\"><div class=\"x-row-inner\"><div class=\"x-col e1255-e9 myv-13 myv-15 myv-16 myv-17 myv-18\"><div class=\"x-bg\" aria-hidden=\"true\"><div class=\"x-bg-layer-lower-image\"><\/div><\/div><hr class=\"x-line e1255-e10 myv-1y myv-1z\"\/><\/div><div class=\"x-col e1255-e11 myv-13 myv-14 myv-15 myv-19 myv-1a slider-box\"><div class=\"x-bg\" aria-hidden=\"true\"><div class=\"x-bg-layer-lower-color\"><\/div><\/div><div class=\"x-row e1255-e12 myv-a myv-b myv-c myv-d myv-f myv-g myv-j myv-t myv-x\"><div class=\"x-row-inner\"><div class=\"x-col e1255-e13 myv-13 myv-14 myv-15 myv-16\"><div class=\"x-text x-content e1255-e14 myv-21 myv-22 myv-23 myv-24 myv-25 myv-26 myv-27 myv-28\"><\/div><div class=\"x-text x-content e1255-e15 myv-21 myv-22 myv-23 myv-24 myv-25 myv-26 myv-29\">H\u00e5llbara tak f\u00f6r kommersiella byggnader<\/div><div class=\"x-text x-content e1255-e16 myv-22 myv-23 myv-24 myv-25 myv-2a myv-2b\"><span>Vi levererar kompletta, l\u00e5ngvariga takl\u00f6sningar f\u00f6r kommersiella byggnader i Norge.<\/span><\/div><span class=\"x-image e1255-e17 myv-2t myv-2u myv-2v myv-2w\"><img decoding=\"async\" src=\"https:\/\/straye.no\/wp-content\/uploads\/2023\/09\/Element_til_Slider_TAK_sort.svg\" width=\"0\" height=\"0\" alt=\"Image\" loading=\"lazy\"><\/span><\/div><div class=\"x-col e1255-e18 myv-13 myv-14 myv-15 myv-16 myv-19 myv-1b myv-1c\"><a class=\"x-anchor x-anchor-button e1255-e19 myv-2z\" tabindex=\"0\" href=\"#\"><div class=\"x-anchor-content\"><div class=\"x-anchor-text\"><span class=\"x-anchor-text-primary\">Kontakta oss<\/span><\/div><\/div><\/a><\/div><\/div><\/div><\/div><\/div><\/div><\/div><\/div><\/div><\/div><\/div><ul class=\"x-slide-pagination is-row e1255-e20 myv-30\" data-x-slide-pagination=\"\"><\/ul><\/div><\/div><\/div><\/div><\/div><div class=\"x-section e1255-e21 myv-1 myv-3 myv-5 myv-6\"><div class=\"x-row x-container max width e1255-e22 myv-a myv-c myv-e myv-f myv-g myv-k myv-l myv-m myv-t myv-y\"><div class=\"x-row-inner\"><div class=\"x-col e1255-e23 myv-13 myv-14 myv-15 myv-1d myv-1e myv-1f myv-1g myv-1h\"><div class=\"x-text x-content e1255-e24 myv-22 myv-24 myv-25 myv-28 myv-2c myv-2d myv-2e myv-2f myv-2g\"><span style=\"color: #2f5549;\">Din takl\u00e4ggningsspecialist f\u00f6r<\/span><br \/>\n<span style=\"color: #2f5549;\">kommersiella byggnader<\/span><\/div><div class=\"x-text x-content e1255-e25 myv-22 myv-24 myv-25 myv-26 myv-2c myv-2f myv-2g myv-2h myv-2i\">F\u00f6retaget levererar kompletta takl\u00f6sningar med god h\u00e5llbarhet och h\u00f6g kvalitet f\u00f6r <br \/> kommersiella byggnader i Norge. Att planera r\u00e4tt tak och konstruktion \u00e4r viktigare \u00e4n n\u00e5gonsin <br \/>redan fr\u00e5n b\u00f6rjan av ett projekt s\u00e5 att du kan dra nytta av f\u00f6rdelarna med solceller, gr\u00f6na <br\/>eller bl\u00e5tt tak. <strong>Fr\u00e5ga oss om kommersiella tak<\/strong><\/div><\/div><div class=\"x-col e1255-e26 myv-13 myv-14 myv-15 myv-16 myv-18 myv-1i myv-1j\"><div class=\"x-bg\" aria-hidden=\"true\"><div class=\"x-bg-layer-lower-image\"><\/div><\/div><hr class=\"x-line e1255-e27 myv-1z myv-20\"\/><\/div><div class=\"x-col e1255-e28 myv-13 myv-14 myv-15 myv-16\"><div class=\"x-row e1255-e29 myv-c myv-d myv-e myv-l myv-n myv-o myv-p myv-z benefits-row\"><div class=\"x-row-inner\"><div class=\"x-col e1255-e30 myv-13 myv-14 myv-15 myv-19 myv-1b myv-1k myv-1l\"><span class=\"x-image e1255-e31 myv-2t myv-2v myv-2x ikon_hoydepunkt\"><img decoding=\"async\" src=\"https:\/\/straye.no\/wp-content\/uploads\/2023\/09\/Solceller_tak.png\" width=\"125\" height=\"125\" alt=\"Image\" loading=\"lazy\"><\/span><div class=\"x-div e1255-e32 myv-1t myv-1v\"><div class=\"x-text x-content e1255-e33 myv-22 myv-24 myv-25 myv-2e myv-2f myv-2j myv-2k myv-2l myv-2m\">Solceller<\/div><div class=\"x-text x-content e1255-e34 myv-24 myv-25 myv-26 myv-2f myv-2i myv-2l myv-2m myv-2n myv-2o\">H\u00f6ga elpriser och det gr\u00f6na skiftet har lett till en explosionsartad efterfr\u00e5gan p\u00e5 solenergil\u00f6sningar p\u00e5 b\u00e5de nya och befintliga tak. Inte minst f\u00f6r logistik- och lagerbyggnader, stora hallar och andra fastigheter med stora, platta tak \u00e4r det en bra investering.<\/div><\/div><\/div><div class=\"x-col e1255-e35 myv-13 myv-14 myv-15 myv-19 myv-1b myv-1g myv-1l myv-1m myv-1n\"><span class=\"x-image e1255-e36 myv-2t myv-2v myv-2x ikon_hoydepunkt\"><img decoding=\"async\" src=\"https:\/\/straye.no\/wp-content\/uploads\/2023\/09\/Blatt_tak.png\" width=\"125\" height=\"125\" alt=\"Image\" loading=\"lazy\"><\/span><div class=\"x-div e1255-e37 myv-1t myv-1v\"><div class=\"x-text x-content e1255-e38 myv-22 myv-24 myv-25 myv-2e myv-2f myv-2j myv-2k myv-2l myv-2m\">Bl\u00e5tt tak<\/div><div class=\"x-text x-content e1255-e39 myv-24 myv-25 myv-26 myv-2f myv-2i myv-2l myv-2m myv-2n myv-2o\">Dagvattenhantering p\u00e5 tak - vattnet leds gradvis och kontrollerat till avloppssystemet, vilket minskar dagvattenbelastningen som leder till \u00f6versv\u00e4mningar och \u00f6versv\u00e4mningsskador.<\/div><\/div><\/div><div class=\"x-col e1255-e40 myv-13 myv-14 myv-15 myv-19 myv-1b myv-1g myv-1l myv-1m myv-1o\"><span class=\"x-image e1255-e41 myv-2t myv-2v myv-2x ikon_hoydepunkt\"><img decoding=\"async\" src=\"https:\/\/straye.no\/wp-content\/uploads\/2023\/09\/Gront_tak.png\" width=\"125\" height=\"125\" alt=\"Image\" loading=\"lazy\"><\/span><div class=\"x-div e1255-e42 myv-1t myv-1v\"><div class=\"x-text x-content e1255-e43 myv-22 myv-24 myv-25 myv-2e myv-2f myv-2j myv-2k myv-2l myv-2m\">Gr\u00f6na tak<\/div><div class=\"x-text x-content e1255-e44 myv-24 myv-25 myv-26 myv-2f myv-2i myv-2l myv-2m myv-2n myv-2o\">I Norge har vi en l\u00e5ng tradition av gr\u00f6na tak i form av gr\u00e4smattor p\u00e5 lutande tak. Under de senaste \u00e5ren har gr\u00f6na och platta tak blivit allt vanligare p\u00e5 bostadshus och flerfamiljshus, offentliga byggnader och kommersiella byggnader. Sedum \u00e4r den mest anv\u00e4nda suckulenten p\u00e5 gr\u00f6na tak i Norge idag.<\/div><\/div><\/div><\/div><\/div><\/div><\/div><\/div><\/div><div class=\"x-section e1255-e45 myv-0 myv-1 myv-2 myv-4 myv-5 myv-7\"><div class=\"x-row e1255-e46 myv-a myv-b myv-c myv-d myv-e myv-f myv-i myv-q myv-r myv-v myv-10\"><div class=\"x-row-inner\"><div class=\"x-col e1255-e47 myv-13 myv-14 myv-15 myv-1e myv-1p\"><div style=\"--tco-dcyv-0:0;\" class=\"x-text x-content e1255-e48 myv-22 myv-24 myv-25 myv-2e myv-2f myv-2g myv-2j myv-2k myv-2p\"><span style=\"color: #3c5a50;\">Gedigen expertis ger trygghet<\/span><\/div><div class=\"x-text x-content e1255-e49 myv-22 myv-24 myv-25 myv-26 myv-2f myv-2g myv-2i myv-2o myv-2q myv-2r\"><p>V\u00e5rt f\u00f6retag har gedigen kompetens och l\u00e5ng erfarenhet av takl\u00e4ggning och svetsning av utsatta tak och membran p\u00e5 kommersiella byggnader.<\/p>\n<p>Taket \u00e4r byggnadens femte fasad och ett mycket viktigt element n\u00e4r det g\u00e4ller isolering och h\u00e5llbarheten hos resten av byggnadens struktur. D\u00e4rf\u00f6r f\u00f6rbereder vi alltid noggranna ber\u00e4kningar och uppskattningar inf\u00f6r v\u00e5ra projekt.<\/p>\n<p>F\u00f6r PVC-tak och membran anv\u00e4nder vi elektriska svetsar med varmluft f\u00f6r att svetsa fogar. Detta minskar risken f\u00f6r brand under installationen och s\u00e4kerst\u00e4ller inte minst en milj\u00f6v\u00e4nlig installation.<\/p>\n<br><p>Ett typiskt tak p\u00e5 en kommersiell byggnad best\u00e5r av:<\/p><\/div><span class=\"x-image e1255-e50 myv-2t myv-2w myv-2y\"><img decoding=\"async\" src=\"https:\/\/straye.no\/wp-content\/uploads\/2023\/09\/Element_til_TAK.svg\" width=\"0\" height=\"0\" alt=\"Image\" loading=\"lazy\"><\/span><\/div><\/div><\/div><\/div><div class=\"x-section e1255-e51 myv-0 myv-1 myv-3 myv-8\"><div class=\"x-row x-container max width e1255-e52 myv-c myv-d myv-e myv-f myv-g myv-k myv-l myv-n myv-t myv-11\"><div class=\"x-bg\" aria-hidden=\"true\"><div class=\"x-bg-layer-lower-color\"><\/div><\/div><div class=\"x-row-inner\"><div class=\"x-col e1255-e53 myv-14 myv-15 myv-18 myv-19 myv-1f myv-1h myv-1j myv-1q\"><div class=\"x-bg\" aria-hidden=\"true\"><div class=\"x-bg-layer-lower-image\"><\/div><div class=\"x-bg-layer-upper-color\"><\/div><\/div><\/div><\/div><\/div><\/div><div class=\"x-section e1255-e54 myv-0 myv-1 myv-4 myv-5 myv-7 myv-9\"><div class=\"x-row e1255-e55 myv-a myv-c myv-d myv-e myv-f myv-i myv-k myv-o myv-r myv-s myv-v myv-12\"><div class=\"x-row-inner\"><div class=\"x-col e1255-e56 myv-13 myv-14 myv-15 myv-18 myv-1e myv-1h myv-1j myv-1r\"><div class=\"x-bg\" aria-hidden=\"true\"><div class=\"x-bg-layer-lower-image\"><\/div><\/div><\/div><div class=\"x-col e1255-e57 myv-13 myv-14 myv-15 myv-1s\"><div class=\"x-text x-content e1255-e58 myv-22 myv-24 myv-2b myv-2e myv-2j myv-2l myv-2s\"><p><span style=\"color: #ffffff;\">Fr\u00e5ga mig om <br \/>\nditt takprojekt<\/span><\/p><\/div><div class=\"x-text x-content e1255-e59 myv-22 myv-24 myv-25 myv-26 myv-2f myv-2i myv-2l myv-2o myv-2q\"><div class=\"et_pb_module et_pb_text et_pb_text_19 et_pb_text_align_left et_pb_bg_layout_light et_multi_view__hover_selector\">\n<div class=\"et_pb_text_inner\" data-et-multi-view=\"{&quot;schema&quot;:{&quot;content&quot;:{&quot;desktop&quot;:&quot;&lt;p&gt;&lt;span&gt;Henrik S\\u00f8gaard Karlsen&lt;\\\/span&gt;&lt;\\\/p&gt;&quot;,&quot;tablet&quot;:&quot;&lt;p style=\\&quot;text-align: center;\\&quot;&gt;&lt;span&gt;Henrik S\\u00f8gaard Karlsen&lt;\\\/span&gt;&lt;\\\/p&gt;&quot;}},&quot;slug&quot;:&quot;et_pb_text&quot;}\" data-et-multi-view-load-tablet-hidden=\"true\" style=\"box-sizing: border-box; margin: 0px; padding: 0px; border: 0px; outline: 0px; font-size: 21px; text-size-adjust: 100%; vertical-align: baseline; background: transparent; position: relative;\">\n<p><span style=\"color: #ffffff;\">Henrik S\u00f8gaard Karlsen<br \/>\n<\/span><span style=\"color: #ffffff; font-size: 15px;\">General manager \/ Tak<\/span><\/p>\n\n<\/div>\n<\/div>\n<div class=\"et_pb_module et_pb_text et_pb_text_20 et_pb_text_align_left et_pb_bg_layout_light et_multi_view__hover_selector\">\n<div class=\"et_pb_text_inner\" data-et-multi-view=\"{&quot;schema&quot;:{&quot;content&quot;:{&quot;desktop&quot;:&quot;&lt;p style=\\&quot;text-align: left;\\&quot;&gt;&lt;span&gt;Daglig leder \\\/ Tak&lt;\\\/span&gt;&lt;br \\\/&gt;&lt;span&gt;Mob: +47 &lt;strong&gt;&lt;span style=\\&quot;color: #ffffff;\\&quot;&gt;&lt;a href=\\&quot;tel:47457600\\&quot; style=\\&quot;color: #ffffff;\\&quot;&gt;474 57 600&lt;\\\/a&gt;&lt;\\\/span&gt;&lt;\\\/strong&gt;&lt;\\\/span&gt;&lt;br \\\/&gt;&lt;span&gt;E-post:\\u00a0&lt;\\\/span&gt;&lt;strong&gt;&lt;span style=\\&quot;color: #ffffff;\\&quot;&gt;&lt;a href=\\&quot;mailto:henrik@straye.no\\&quot; style=\\&quot;color: #ffffff;\\&quot;&gt;henrik@straye.no&lt;\\\/a&gt;&lt;\\\/span&gt;&lt;\\\/strong&gt;&lt;\\\/p&gt;&quot;,&quot;tablet&quot;:&quot;&lt;p style=\\&quot;text-align: center;\\&quot;&gt;&lt;span&gt;Daglig leder \\\/ Tak&lt;\\\/span&gt;&lt;br \\\/&gt;&lt;span&gt;Mob: +47 &lt;span style=\\&quot;color: #ffffff;\\&quot;&gt;&lt;strong&gt;&lt;a href=\\&quot;tel:47457600\\&quot; style=\\&quot;color: #ffffff;\\&quot;&gt;474 57 600&lt;\\\/a&gt;&lt;\\\/strong&gt;&lt;\\\/span&gt;&lt;\\\/span&gt;&lt;br \\\/&gt;&lt;span&gt;E-post: &lt;\\\/span&gt;&lt;strong&gt;&lt;span style=\\&quot;color: #ffffff;\\&quot;&gt;&lt;a href=\\&quot;mailto:henrik@straye.no\\&quot; style=\\&quot;color: #ffffff;\\&quot;&gt;henrik@straye.no&lt;\\\/a&gt;&lt;\\\/span&gt;&lt;\\\/strong&gt;&lt;\\\/p&gt;&quot;}},&quot;slug&quot;:&quot;et_pb_text&quot;}\" data-et-multi-view-load-tablet-hidden=\"true\" style=\"box-sizing: border-box; margin: 0px; padding: 0px; border: 0px; outline: 0px; font-size: 15px; text-size-adjust: 100%; vertical-align: baseline; background: transparent; position: relative;\">\n<p><span style=\"color: #ffffff;\">Mob: +47\u00a0<strong><a href=\"tel:47457600\" style=\"color: #ffffff;\">474 57 600<\/a><\/strong><\/span><br \/>\n<span style=\"color: #ffffff;\">E-post:\u00a0<strong><a href=\"mailto:henrik@straye.no\" style=\"color: #ffffff;\">henrik@straye.no<\/a><\/strong><\/span><\/p>\n\n<\/div>\n<\/div><\/div><\/div><\/div><\/div><\/div><\/div>","protected":false},"excerpt":{"rendered":"<p>H\u00e5llbara tak f\u00f6r kommersiella byggnaderVi erbjuder kompletta, h\u00e5llbara takl\u00f6sningar f\u00f6r kommersiella byggnader i Norge.Kontakta ossDin takspecialist f\u00f6r kommersiella byggnaderF\u00f6retaget erbjuder kompletta, h\u00e5llbara och h\u00f6gkvalitativa takl\u00f6sningar f\u00f6r kommersiella byggnader i Norge. Det \u00e4r viktigare \u00e4n n\u00e5gonsin att planera r\u00e4tt tak och konstruktion fr\u00e5n b\u00f6rjan av ett projekt, s\u00e5 att du kan dra nytta av f\u00f6rdelarna med solceller, gr\u00f6nt tak, ... <\/p>\n<div><a href=\"https:\/\/straye.no\/sv\/tak\/\" class=\"more-link\">L\u00e4s mer om<\/a><\/div>","protected":false},"author":1,"featured_media":0,"parent":0,"menu_order":5,"comment_status":"closed","ping_status":"closed","template":"template-blank-4.php","meta":{"_acf_changed":false,"inline_featured_image":false,"footnotes":""},"tags":[],"firmaer":[12],"class_list":["post-1255","page","type-page","status-publish","hentry","firmaer-tak","no-post-thumbnail"],"acf":[],"yoast_head":"<!-- This site is optimized with the Yoast SEO plugin v27.4 - https:\/\/yoast.com\/product\/yoast-seo-wordpress\/ -->\n<title>Tak - Straye<\/title>\n<meta name=\"robots\" content=\"index, follow, max-snippet:-1, max-image-preview:large, max-video-preview:-1\" \/>\n<link rel=\"canonical\" href=\"https:\/\/straye.no\/sv\/tak\/\" \/>\n<meta property=\"og:locale\" content=\"sv_SE\" \/>\n<meta property=\"og:type\" content=\"article\" \/>\n<meta property=\"og:title\" content=\"Tak - Straye\" \/>\n<meta property=\"og:description\" content=\"B\u00e6rekraftige tak for n\u00e6ringsbyggVi leverer komplette takl\u00f8sninger med lang holdbarhet for n\u00e6ringsbygg i Norge.Kontakt ossDin spesialist p\u00e5 tak for n\u00e6ringsbyggSelskapet leverer komplette takl\u00f8sninger med god holdbarhet og h\u00f8y kvalitet for n\u00e6ringsbygg i Norge. Viktigere enn noen gang er \u00e5 planlegge riktig tak og konstruksjon fra starten i et prosjekt slik at man kan f\u00e5 utbytte av fordeler gjennom solceller, gr\u00f8nt ... Read More\" \/>\n<meta property=\"og:url\" content=\"https:\/\/straye.no\/sv\/tak\/\" \/>\n<meta property=\"og:site_name\" content=\"Straye\" \/>\n<meta property=\"article:modified_time\" content=\"2024-04-26T10:33:14+00:00\" \/>\n<meta name=\"twitter:card\" content=\"summary_large_image\" \/>\n<meta name=\"twitter:label1\" content=\"Ber\u00e4knad l\u00e4stid\" \/>\n\t<meta name=\"twitter:data1\" content=\"4 minuter\" \/>\n<script type=\"application\/ld+json\" class=\"yoast-schema-graph\">{\"@context\":\"https:\\\/\\\/schema.org\",\"@graph\":[{\"@type\":\"WebPage\",\"@id\":\"https:\\\/\\\/straye.no\\\/tak\\\/\",\"url\":\"https:\\\/\\\/straye.no\\\/tak\\\/\",\"name\":\"Tak - Straye\",\"isPartOf\":{\"@id\":\"https:\\\/\\\/straye.no\\\/#website\"},\"datePublished\":\"2023-09-04T12:02:07+00:00\",\"dateModified\":\"2024-04-26T10:33:14+00:00\",\"breadcrumb\":{\"@id\":\"https:\\\/\\\/straye.no\\\/tak\\\/#breadcrumb\"},\"inLanguage\":\"sv-SE\",\"potentialAction\":[{\"@type\":\"ReadAction\",\"target\":[\"https:\\\/\\\/straye.no\\\/tak\\\/\"]}]},{\"@type\":\"BreadcrumbList\",\"@id\":\"https:\\\/\\\/straye.no\\\/tak\\\/#breadcrumb\",\"itemListElement\":[{\"@type\":\"ListItem\",\"position\":1,\"name\":\"Hjem\",\"item\":\"https:\\\/\\\/straye.no\\\/\"},{\"@type\":\"ListItem\",\"position\":2,\"name\":\"Tak\"}]},{\"@type\":\"WebSite\",\"@id\":\"https:\\\/\\\/straye.no\\\/#website\",\"url\":\"https:\\\/\\\/straye.no\\\/\",\"name\":\"Straye Gruppen AS\",\"description\":\"Straye\",\"potentialAction\":[{\"@type\":\"SearchAction\",\"target\":{\"@type\":\"EntryPoint\",\"urlTemplate\":\"https:\\\/\\\/straye.no\\\/?s={search_term_string}\"},\"query-input\":{\"@type\":\"PropertyValueSpecification\",\"valueRequired\":true,\"valueName\":\"search_term_string\"}}],\"inLanguage\":\"sv-SE\"}]}<\/script>\n<!-- \/ Yoast SEO plugin. -->","yoast_head_json":{"title":"Tack - Straye","robots":{"index":"index","follow":"follow","max-snippet":"max-snippet:-1","max-image-preview":"max-image-preview:large","max-video-preview":"max-video-preview:-1"},"canonical":"https:\/\/straye.no\/sv\/tak\/","og_locale":"sv_SE","og_type":"article","og_title":"Tak - Straye","og_description":"B\u00e6rekraftige tak for n\u00e6ringsbyggVi leverer komplette takl\u00f8sninger med lang holdbarhet for n\u00e6ringsbygg i Norge.Kontakt ossDin spesialist p\u00e5 tak for n\u00e6ringsbyggSelskapet leverer komplette takl\u00f8sninger med god holdbarhet og h\u00f8y kvalitet for n\u00e6ringsbygg i Norge. Viktigere enn noen gang er \u00e5 planlegge riktig tak og konstruksjon fra starten i et prosjekt slik at man kan f\u00e5 utbytte av fordeler gjennom solceller, gr\u00f8nt ... Read More","og_url":"https:\/\/straye.no\/sv\/tak\/","og_site_name":"Straye","article_modified_time":"2024-04-26T10:33:14+00:00","twitter_card":"summary_large_image","twitter_misc":{"Ber\u00e4knad l\u00e4stid":"4 minuter"},"schema":{"@context":"https:\/\/schema.org","@graph":[{"@type":"WebPage","@id":"https:\/\/straye.no\/tak\/","url":"https:\/\/straye.no\/tak\/","name":"Tack - Straye","isPartOf":{"@id":"https:\/\/straye.no\/#website"},"datePublished":"2023-09-04T12:02:07+00:00","dateModified":"2024-04-26T10:33:14+00:00","breadcrumb":{"@id":"https:\/\/straye.no\/tak\/#breadcrumb"},"inLanguage":"sv-SE","potentialAction":[{"@type":"ReadAction","target":["https:\/\/straye.no\/tak\/"]}]},{"@type":"BreadcrumbList","@id":"https:\/\/straye.no\/tak\/#breadcrumb","itemListElement":[{"@type":"ListItem","position":1,"name":"Hjem","item":"https:\/\/straye.no\/"},{"@type":"ListItem","position":2,"name":"Tak"}]},{"@type":"WebSite","@id":"https:\/\/straye.no\/#website","url":"https:\/\/straye.no\/","name":"Straye Group AS","description":"Straye","potentialAction":[{"@type":"SearchAction","target":{"@type":"EntryPoint","urlTemplate":"https:\/\/straye.no\/?s={search_term_string}"},"query-input":{"@type":"PropertyValueSpecification","valueRequired":true,"valueName":"search_term_string"}}],"inLanguage":"sv-SE"}]}},"_links":{"self":[{"href":"https:\/\/straye.no\/sv\/wp-json\/wp\/v2\/pages\/1255","targetHints":{"allow":["GET"]}}],"collection":[{"href":"https:\/\/straye.no\/sv\/wp-json\/wp\/v2\/pages"}],"about":[{"href":"https:\/\/straye.no\/sv\/wp-json\/wp\/v2\/types\/page"}],"author":[{"embeddable":true,"href":"https:\/\/straye.no\/sv\/wp-json\/wp\/v2\/users\/1"}],"replies":[{"embeddable":true,"href":"https:\/\/straye.no\/sv\/wp-json\/wp\/v2\/comments?post=1255"}],"version-history":[{"count":22,"href":"https:\/\/straye.no\/sv\/wp-json\/wp\/v2\/pages\/1255\/revisions"}],"predecessor-version":[{"id":1863,"href":"https:\/\/straye.no\/sv\/wp-json\/wp\/v2\/pages\/1255\/revisions\/1863"}],"wp:attachment":[{"href":"https:\/\/straye.no\/sv\/wp-json\/wp\/v2\/media?parent=1255"}],"wp:term":[{"taxonomy":"post_tag","embeddable":true,"href":"https:\/\/straye.no\/sv\/wp-json\/wp\/v2\/tags?post=1255"},{"taxonomy":"firmaer","embeddable":true,"href":"https:\/\/straye.no\/sv\/wp-json\/wp\/v2\/firmaer?post=1255"}],"curies":[{"name":"wp","href":"https:\/\/api.w.org\/{rel}","templated":true}]}}